{"id":9952,"date":"2022-09-13T20:00:45","date_gmt":"2022-09-13T18:00:45","guid":{"rendered":"https:\/\/www.kbv-middels.de\/WordPress\/?page_id=9952"},"modified":"2023-02-11T12:50:09","modified_gmt":"2023-02-11T11:50:09","slug":"bosselsaison-20222023","status":"publish","type":"page","link":"https:\/\/www.kbv-middels.de\/WordPress\/bosselsaison\/bosselsaison-20222023\/","title":{"rendered":"Bo\u00dfelsaison 2022\/2023"},"content":{"rendered":"<p>Hier k\u00f6nnt Ihr alle Mannschaften des KBV Middels einsehen, die in der Saison 2022\/2023 gestartet sind.<\/p>\n<ul>\n<li><a href=\"https:\/\/bosselergebnis.info\/2022-2023\/lkv\/liga\/m_i_bezirksklasse\" target=\"_blank\" rel=\"noopener\">Bezirksklasse M I<\/a><\/li>\n<li><a href=\"https:\/\/bosselergebnis.info\/2022-2023\/aur\/liga\/m_ii_2kreisliga\" target=\"_blank\" rel=\"noopener\">2. Kreisliga M\u00e4nner II (AUR\/FRI\/WTM\/LER\/NOR) | SG Middels \/ Spekendorf<\/a><\/li>\n<li><a href=\"https:\/\/bosselergebnis.info\/2022-2023\/ese\/liga\/m_iii_kreisliga\" target=\"_blank\" rel=\"noopener\">Kreisliga M\u00e4nner III (Staffel A , AUR \/ WTM \/ NOR)<\/a><\/li>\n<li><a href=\"https:\/\/bosselergebnis.info\/2022-2023\/aur\/liga\/m_iv_2kreisliga\" target=\"_blank\" rel=\"noopener\">2. Kreisliga M\u00e4nner IV<\/a><\/li>\n<li><a href=\"https:\/\/bosselergebnis.info\/2022-2023\/lkv\/liga\/w_i_bezirksklasse\" target=\"_blank\" rel=\"noopener\">Bezirksklasse F I<\/a><\/li>\n<li><a href=\"https:\/\/bosselergebnis.info\/2022-2023\/aur\/liga\/w_i_2kreisklasse\" target=\"_blank\" rel=\"noopener\">2. Kreisklasse Frauen I<\/a><\/li>\n<li><a href=\"https:\/\/bosselergebnis.info\/2022-2023\/nor\/liga\/w_ii_2kreisliga\" target=\"_blank\" rel=\"noopener\">2. Kreisliga Frauen II (AUR\/NOR) | SG Middels \/ Spekendorf<\/a><\/li>\n<li><a href=\"https:\/\/bosselergebnis.info\/2022-2023\/aur\/liga\/w_iv_kreisliga\" target=\"_blank\" rel=\"noopener\">Kreisliga F IV<\/a><\/li>\n<li><a href=\"https:\/\/bosselergebnis.info\/2022-2023\/aur\/liga\/m_c_1kreisliga\" target=\"_blank\" rel=\"noopener\">Kreisliga m\u00e4nnl. Jugend C<\/a><\/li>\n<li><a href=\"https:\/\/bosselergebnis.info\/2022-2023\/aur\/liga\/m_d_1kreisliga\" target=\"_blank\" rel=\"noopener\">Kreisliga mannl. Jugend D (Finalrunde)<\/a><\/li>\n<li><a href=\"https:\/\/bosselergebnis.info\/2022-2023\/aur\/liga\/m_d_kreisklasse_staffel2\" target=\"_blank\" rel=\"noopener\">Kreisliga m\u00e4nnl. Jugend D Staffel II<\/a><\/li>\n<li><a href=\"https:\/\/bosselergebnis.info\/2022-2023\/aur\/liga\/m_e_1kreisliga\" target=\"_blank\" rel=\"noopener\">Kreisliga m\u00e4nnl. Jugend E<\/a><\/li>\n<\/ul>\n<p>Die Klasseneinteilung des KV Aurich\u00a0 (Stand 13.09.2022) k\u00f6nnt ihr <a href=\"https:\/\/bosselergebnis.info\/2022-2023\/aur\/liga\/\" target=\"_blank\" rel=\"noopener\">hier<\/a> einsehen.<\/p>\n<p>S\u00e4mtliche Spielpl\u00e4ne auf KV Aurich &#8211; Ebene sowie sonstige Infos sind <a href=\"https:\/\/kvaurich.de\/pages\/bosselsaison.php\" target=\"_blank\" rel=\"noopener\">hier<\/a> einsehbar.<\/p>\n<p>Erfahrungsgem\u00e4\u00df \u00e4ndern sich die Spielpl\u00e4ne unmittelbar vor der Saison des \u00d6fteren. Deshalb wird direkt auf die jeweiligen Webseiten verlinkt, die die Spielpl\u00e4ne ver\u00f6ffentlichen. Bitte schaut doch gelegentlich auf die verlinkte Website, um auf den aktuellen Stand zu bleiben.<\/p>\n<p>Verlinkung der <a href=\"https:\/\/bosselergebnis.info\/login\" target=\"_blank\" rel=\"noopener noreferrer\">Ergebniseingabe <\/a>f\u00fcr den KV Aurich \/ LKV Ostfriesland.<\/p>\n","protected":false},"excerpt":{"rendered":"<p>Hier k\u00f6nnt Ihr alle Mannschaften des KBV Middels einsehen, die in der Saison 2022\/2023 gestartet sind. Bezirksklasse M I 2. Kreisliga M\u00e4nner II (AUR\/FRI\/WTM\/LER\/NOR) | SG Middels \/ Spekendorf Kreisliga M\u00e4nner III (Staffel A , AUR \/ WTM \/ NOR) 2. Kreisliga M\u00e4nner IV Bezirksklasse F I 2. Kreisklasse Frauen I 2. Kreisliga Frauen II &hellip; <\/p>\n<p class=\"link-more\"><a href=\"https:\/\/www.kbv-middels.de\/WordPress\/bosselsaison\/bosselsaison-20222023\/\" class=\"more-link\"><span class=\"screen-reader-text\">\u201eBo\u00dfelsaison 2022\/2023\u201c <\/span>weiterlesen<\/a><\/p>\n","protected":false},"author":1,"featured_media":0,"parent":122,"menu_order":0,"comment_status":"closed","ping_status":"closed","template":"","meta":{"_themeisle_gutenberg_block_has_review":false,"footnotes":""},"class_list":["post-9952","page","type-page","status-publish","hentry"],"publishpress_future_action":{"enabled":false,"date":"2026-04-26 12:55:40","action":"change-status","newStatus":"draft","terms":[],"taxonomy":"","extraData":[]},"publishpress_future_workflow_manual_trigger":{"enabledWorkflows":[]},"_links":{"self":[{"href":"https:\/\/www.kbv-middels.de\/WordPress\/wp-json\/wp\/v2\/pages\/9952","targetHints":{"allow":["GET"]}}],"collection":[{"href":"https:\/\/www.kbv-middels.de\/WordPress\/wp-json\/wp\/v2\/pages"}],"about":[{"href":"https:\/\/www.kbv-middels.de\/WordPress\/wp-json\/wp\/v2\/types\/page"}],"author":[{"embeddable":true,"href":"https:\/\/www.kbv-middels.de\/WordPress\/wp-json\/wp\/v2\/users\/1"}],"replies":[{"embeddable":true,"href":"https:\/\/www.kbv-middels.de\/WordPress\/wp-json\/wp\/v2\/comments?post=9952"}],"version-history":[{"count":5,"href":"https:\/\/www.kbv-middels.de\/WordPress\/wp-json\/wp\/v2\/pages\/9952\/revisions"}],"predecessor-version":[{"id":10812,"href":"https:\/\/www.kbv-middels.de\/WordPress\/wp-json\/wp\/v2\/pages\/9952\/revisions\/10812"}],"up":[{"embeddable":true,"href":"https:\/\/www.kbv-middels.de\/WordPress\/wp-json\/wp\/v2\/pages\/122"}],"wp:attachment":[{"href":"https:\/\/www.kbv-middels.de\/WordPress\/wp-json\/wp\/v2\/media?parent=9952"}],"curies":[{"name":"wp","href":"https:\/\/api.w.org\/{rel}","templated":true}]}}