{"id":89,"date":"2015-03-06T20:43:49","date_gmt":"2015-03-06T18:43:49","guid":{"rendered":"http:\/\/www.kbv-middels.de\/WordPress\/?page_id=89"},"modified":"2025-09-07T08:11:03","modified_gmt":"2025-09-07T06:11:03","slug":"bosseln-fuer-kids","status":"publish","type":"page","link":"https:\/\/www.kbv-middels.de\/WordPress\/kbv\/bosseln-fuer-kids\/","title":{"rendered":"Bo\u00dfeln f\u00fcr Kids"},"content":{"rendered":"<p align=\"left\">Der KBV Middels bieten jedem Kind die M\u00f6glichkeit,\u00a0 dass Bo\u00dfeln zu erlernen.<\/p>\n<p align=\"left\">F\u00fcr die kommende Bo\u00dfelsaison werden die Kinder \/ Jugendlichen voraussichtlich\u00a0 in den <a href=\"https:\/\/www.kbv-middels.de\/WordPress\/wp-content\/uploads\/2017\/03\/Bo\u00dfelaltersklassen.pdf\">Altersklassen<\/a> der Jugend B, C, D, E sowie im Bambinibereich\u00a0 betreut. Hat auch dein Kind Lust mitzumachen? Dann kontaktiere uns doch bitte.<\/p>\n<p>Bedanken m\u00f6chten wir uns schon jetzt bei den Mamas und Papas, die uns dabei tatkr\u00e4ftig unterst\u00fctzen.<\/p>\n","protected":false},"excerpt":{"rendered":"<p>Der KBV Middels bieten jedem Kind die M\u00f6glichkeit,\u00a0 dass Bo\u00dfeln zu erlernen. F\u00fcr die kommende Bo\u00dfelsaison werden die Kinder \/ Jugendlichen voraussichtlich\u00a0 in den Altersklassen der Jugend B, C, D, E sowie im Bambinibereich\u00a0 betreut. Hat auch dein Kind Lust mitzumachen? Dann kontaktiere uns doch bitte. Bedanken m\u00f6chten wir uns schon jetzt bei den Mamas &hellip; <\/p>\n<p class=\"link-more\"><a href=\"https:\/\/www.kbv-middels.de\/WordPress\/kbv\/bosseln-fuer-kids\/\" class=\"more-link\"><span class=\"screen-reader-text\">\u201eBo\u00dfeln f\u00fcr Kids\u201c <\/span>weiterlesen<\/a><\/p>\n","protected":false},"author":1,"featured_media":0,"parent":153,"menu_order":0,"comment_status":"closed","ping_status":"open","template":"","meta":{"_themeisle_gutenberg_block_has_review":false,"footnotes":""},"class_list":["post-89","page","type-page","status-publish","hentry"],"publishpress_future_action":{"enabled":false,"date":"2026-04-26 12:32:36","action":"change-status","newStatus":"draft","terms":[],"taxonomy":"","extraData":[]},"publishpress_future_workflow_manual_trigger":{"enabledWorkflows":[]},"_links":{"self":[{"href":"https:\/\/www.kbv-middels.de\/WordPress\/wp-json\/wp\/v2\/pages\/89","targetHints":{"allow":["GET"]}}],"collection":[{"href":"https:\/\/www.kbv-middels.de\/WordPress\/wp-json\/wp\/v2\/pages"}],"about":[{"href":"https:\/\/www.kbv-middels.de\/WordPress\/wp-json\/wp\/v2\/types\/page"}],"author":[{"embeddable":true,"href":"https:\/\/www.kbv-middels.de\/WordPress\/wp-json\/wp\/v2\/users\/1"}],"replies":[{"embeddable":true,"href":"https:\/\/www.kbv-middels.de\/WordPress\/wp-json\/wp\/v2\/comments?post=89"}],"version-history":[{"count":21,"href":"https:\/\/www.kbv-middels.de\/WordPress\/wp-json\/wp\/v2\/pages\/89\/revisions"}],"predecessor-version":[{"id":16853,"href":"https:\/\/www.kbv-middels.de\/WordPress\/wp-json\/wp\/v2\/pages\/89\/revisions\/16853"}],"up":[{"embeddable":true,"href":"https:\/\/www.kbv-middels.de\/WordPress\/wp-json\/wp\/v2\/pages\/153"}],"wp:attachment":[{"href":"https:\/\/www.kbv-middels.de\/WordPress\/wp-json\/wp\/v2\/media?parent=89"}],"curies":[{"name":"wp","href":"https:\/\/api.w.org\/{rel}","templated":true}]}}