{"id":7550,"date":"2021-08-28T18:32:19","date_gmt":"2021-08-28T16:32:19","guid":{"rendered":"https:\/\/www.kbv-middels.de\/WordPress\/?page_id=7550"},"modified":"2021-09-18T13:39:33","modified_gmt":"2021-09-18T11:39:33","slug":"bosselsaison-20212022","status":"publish","type":"page","link":"https:\/\/www.kbv-middels.de\/WordPress\/bosselsaison\/bosselsaison-20212022\/","title":{"rendered":"Bo\u00dfelsaison 2021\/2022"},"content":{"rendered":"<p>Hier k\u00f6nnt Ihr alle Mannschaften des KBV Middels einsehen, die in der Saison 2021\/2022 gestartet sind.<\/p>\n<ul>\n<li><a href=\"https:\/\/bosselergebnis.info\/2021-2022\/lkv\/liga\/m_i_bezirksklasse\" target=\"_blank\" rel=\"noopener\">Bezirksklasse M I<\/a><\/li>\n<li><a href=\"https:\/\/bosselergebnis.info\/2021-2022\/aur\/liga\/m_i_1kreisklasse\" target=\"_blank\" rel=\"noopener\">1. Kreisklasse M I<\/a><\/li>\n<li><a href=\"https:\/\/bosselergebnis.info\/2021-2022\/aur\/liga\/m_ii_kreisliga\" target=\"_blank\" rel=\"noopener\">Kreisliga M II (SG Middels \/ Spekendorf)<\/a><\/li>\n<li><a href=\"https:\/\/bosselergebnis.info\/2021-2022\/aur\/liga\/m_iii_kreisliga\" target=\"_blank\" rel=\"noopener\">Kreisliga M III<\/a><\/li>\n<li><a href=\"https:\/\/bosselergebnis.info\/2021-2022\/aur\/liga\/m_iv_1kreisliga\" target=\"_blank\" rel=\"noopener\">1. Kreisliga M IV<\/a><\/li>\n<li><a href=\"https:\/\/bosselergebnis.info\/2021-2022\/lkv\/liga\/w_i_bezirksklasse\" target=\"_blank\" rel=\"noopener\">Bezirksklasse F I<\/a><\/li>\n<li><a href=\"https:\/\/bosselergebnis.info\/2021-2022\/aur\/liga\/w_i_2kreisliga\" target=\"_blank\" rel=\"noopener\">2. Kreisliga F I<\/a><\/li>\n<li><a href=\"https:\/\/bosselergebnis.info\/2021-2022\/aur\/liga\/w_ii_1kreisliga\" target=\"_blank\" rel=\"noopener\">1. Kreisliga F II (SG Middels \/ Spekendorf)<\/a><\/li>\n<li><a href=\"https:\/\/bosselergebnis.info\/2021-2022\/aur\/liga\/w_iv_kreisliga\" target=\"_blank\" rel=\"noopener\">Kreisliga F IV<\/a><\/li>\n<li><a href=\"https:\/\/bosselergebnis.info\/2021-2022\/aur\/liga\/m_c_kreisliga\" target=\"_blank\" rel=\"noopener\">Kreisliga m\u00e4nnl. Jugend C<\/a><\/li>\n<li><a href=\"https:\/\/bosselergebnis.info\/2021-2022\/aur\/liga\/m_d_kreisklasse_staffel1\" target=\"_blank\" rel=\"noopener\">Kreisliga m\u00e4nnl. Jugend D Staffel I<\/a><\/li>\n<li><a href=\"https:\/\/bosselergebnis.info\/2021-2022\/aur\/liga\/m_e_kreisliga\" target=\"_blank\" rel=\"noopener\">Kreisliga m\u00e4nnl. Jugend E<\/a><\/li>\n<\/ul>\n<p>Die Klasseneinteilung des KV Aurich\u00a0 (Stand 27.08.2021) k\u00f6nnt ihr <a href=\"https:\/\/www.kbv-middels.de\/WordPress\/wp-content\/uploads\/2021\/08\/KlasseneinteilungKVAurich20212022-Stand-2021-08-27.pdf\" target=\"_blank\" rel=\"noopener\">hier<\/a> einsehen.<\/p>\n<p>Folgende Spielpl\u00e4ne sind online verf\u00fcgbar:<\/p>\n<ul>\n<li><a href=\"https:\/\/bosselergebnis.info\/2021-2022\/lkv\" target=\"_blank\" rel=\"noopener\">Spielpl\u00e4ne LKV Ostfriesland<\/a><\/li>\n<li><a href=\"https:\/\/kvaurich.de\/pages\/bosselsaison.php\" target=\"_blank\" rel=\"noopener\">Spielpl\u00e4ne KV Aurich<\/a><\/li>\n<li><a href=\"https:\/\/www.fkv-online.de\/media\/Dokumente\/01.09.2020_Hygienekonzept.pdf\" target=\"_blank\" rel=\"noopener\">Hygienekonzept (Corona)<\/a><\/li>\n<li><a href=\"https:\/\/www.kbv-middels.de\/WordPress\/wp-content\/uploads\/2021\/08\/Werferbestimmungen20212022-Beschluss-vom-27.08.2021.pdf\" target=\"_blank\" rel=\"noopener\">Werferbestimmungen 2021\/2022<\/a><\/li>\n<li><a href=\"https:\/\/www.niedersachsen.de\/Coronavirus\/vorschriften-der-landesregierung-185856.html\" target=\"_blank\" rel=\"noopener\">Nieders\u00e4chsische Corona Verordnung<\/a><\/li>\n<\/ul>\n<p>Erfahrungsgem\u00e4\u00df \u00e4ndern sich die Spielpl\u00e4ne unmittelbar vor der Saison des \u00d6fteren. Deshalb wird direkt auf die jeweiligen Webseiten verlinkt, die die Spielpl\u00e4ne ver\u00f6ffentlichen. Bitte schaut doch gelegentlich auf die verlinkte Website, um auf den aktuellen Stand zu bleiben.<\/p>\n<p>Verlinkung der <a href=\"https:\/\/bosselergebnis.info\/login\" target=\"_blank\" rel=\"noopener noreferrer\">Ergebniseingabe <\/a>f\u00fcr den KV Aurich \/ LKV Ostfriesland.<\/p>\n","protected":false},"excerpt":{"rendered":"<p>Hier k\u00f6nnt Ihr alle Mannschaften des KBV Middels einsehen, die in der Saison 2021\/2022 gestartet sind. Bezirksklasse M I 1. Kreisklasse M I Kreisliga M II (SG Middels \/ Spekendorf) Kreisliga M III 1. Kreisliga M IV Bezirksklasse F I 2. Kreisliga F I 1. Kreisliga F II (SG Middels \/ Spekendorf) Kreisliga F IV &hellip; <\/p>\n<p class=\"link-more\"><a href=\"https:\/\/www.kbv-middels.de\/WordPress\/bosselsaison\/bosselsaison-20212022\/\" class=\"more-link\"><span class=\"screen-reader-text\">\u201eBo\u00dfelsaison 2021\/2022\u201c <\/span>weiterlesen<\/a><\/p>\n","protected":false},"author":1,"featured_media":0,"parent":122,"menu_order":0,"comment_status":"closed","ping_status":"closed","template":"","meta":{"_themeisle_gutenberg_block_has_review":false,"footnotes":""},"class_list":["post-7550","page","type-page","status-publish","hentry"],"publishpress_future_action":{"enabled":false,"date":"2026-04-28 11:42:51","action":"change-status","newStatus":"draft","terms":[],"taxonomy":"","extraData":[]},"publishpress_future_workflow_manual_trigger":{"enabledWorkflows":[]},"_links":{"self":[{"href":"https:\/\/www.kbv-middels.de\/WordPress\/wp-json\/wp\/v2\/pages\/7550","targetHints":{"allow":["GET"]}}],"collection":[{"href":"https:\/\/www.kbv-middels.de\/WordPress\/wp-json\/wp\/v2\/pages"}],"about":[{"href":"https:\/\/www.kbv-middels.de\/WordPress\/wp-json\/wp\/v2\/types\/page"}],"author":[{"embeddable":true,"href":"https:\/\/www.kbv-middels.de\/WordPress\/wp-json\/wp\/v2\/users\/1"}],"replies":[{"embeddable":true,"href":"https:\/\/www.kbv-middels.de\/WordPress\/wp-json\/wp\/v2\/comments?post=7550"}],"version-history":[{"count":8,"href":"https:\/\/www.kbv-middels.de\/WordPress\/wp-json\/wp\/v2\/pages\/7550\/revisions"}],"predecessor-version":[{"id":7648,"href":"https:\/\/www.kbv-middels.de\/WordPress\/wp-json\/wp\/v2\/pages\/7550\/revisions\/7648"}],"up":[{"embeddable":true,"href":"https:\/\/www.kbv-middels.de\/WordPress\/wp-json\/wp\/v2\/pages\/122"}],"wp:attachment":[{"href":"https:\/\/www.kbv-middels.de\/WordPress\/wp-json\/wp\/v2\/media?parent=7550"}],"curies":[{"name":"wp","href":"https:\/\/api.w.org\/{rel}","templated":true}]}}