{"id":5974,"date":"2020-09-08T21:52:30","date_gmt":"2020-09-08T19:52:30","guid":{"rendered":"https:\/\/www.kbv-middels.de\/WordPress\/?page_id=5974"},"modified":"2020-09-20T16:05:19","modified_gmt":"2020-09-20T14:05:19","slug":"bosselsaison-20202021","status":"publish","type":"page","link":"https:\/\/www.kbv-middels.de\/WordPress\/bosselsaison\/bosselsaison-20202021\/","title":{"rendered":"Bo\u00dfelsaison 2020\/2021"},"content":{"rendered":"<p>Hier k\u00f6nnt Ihr alle Mannschaften des KBV Middels einsehen, die in der Saison 2020\/2021 gestartet sind.<\/p>\n<ul>\n<li><a href=\"https:\/\/bosselergebnis.info\/2020-2021\/lkv\/liga\/m_i_bezirksklasse\" target=\"_blank\" rel=\"noopener noreferrer\">Bezirksklasse M I<\/a><\/li>\n<li><a href=\"https:\/\/bosselergebnis.info\/2020-2021\/aur\/liga\/m_i_kreisklasse\" target=\"_blank\" rel=\"noopener noreferrer\">1. Kreisklasse M I<\/a><\/li>\n<li><a href=\"https:\/\/bosselergebnis.info\/2020-2021\/aur\/liga\/m_ii_kreisliga\" target=\"_blank\" rel=\"noopener noreferrer\">Kreisliga M II<\/a><\/li>\n<li><a href=\"https:\/\/bosselergebnis.info\/2020-2021\/aur\/liga\/m_iii_kreisliga\" target=\"_blank\" rel=\"noopener noreferrer\">Kreisliga M III<\/a><\/li>\n<li><a href=\"https:\/\/bosselergebnis.info\/2020-2021\/aur\/liga\/m_iv_1kreisliga\" target=\"_blank\" rel=\"noopener noreferrer\">1. Kreisliga M IV<\/a><\/li>\n<li><a href=\"https:\/\/bosselergebnis.info\/2020-2021\/lkv\/liga\/w_i_bezirksklasse\" target=\"_blank\" rel=\"noopener noreferrer\">Bezirksklasse F I<\/a><\/li>\n<li><a href=\"https:\/\/bosselergebnis.info\/2020-2021\/aur\/liga\/w_i_2kreisliga\" target=\"_blank\" rel=\"noopener noreferrer\">2. Kreisliga F I<\/a><\/li>\n<li><a href=\"https:\/\/bosselergebnis.info\/2020-2021\/aur\/liga\/w_ii_1kreisliga\" target=\"_blank\" rel=\"noopener noreferrer\">1. Kreisliga F II (SG Middels \/ Spekendorf)<\/a><\/li>\n<li><a href=\"https:\/\/bosselergebnis.info\/2020-2021\/aur\/liga\/w_iv_kreisliga\" target=\"_blank\" rel=\"noopener noreferrer\">Kreisliga F IV<\/a><\/li>\n<li><a href=\"https:\/\/bosselergebnis.info\/2020-2021\/aur\/liga\/m_d_kreisliga\" target=\"_blank\" rel=\"noopener noreferrer\">Kreisliga m\u00e4nnl. Jugend D<\/a><\/li>\n<li><a href=\"https:\/\/bosselergebnis.info\/2020-2021\/aur\/liga\/m_e_kreisliga_staffel2\" target=\"_blank\" rel=\"noopener noreferrer\">Kreisliga m\u00e4nnliche Jugend E &#8211; Staffel II<\/a><\/li>\n<li><a href=\"https:\/\/bosselergebnis.info\/2020-2021\/aur\/liga\/m_f_kreisliga\" target=\"_blank\" rel=\"noopener noreferrer\">Kreisliga m\u00e4nnl. Jugend F<\/a><\/li>\n<\/ul>\n<p>Folgende Spielpl\u00e4ne sind online verf\u00fcgbar:<\/p>\n<ul>\n<li><a href=\"http:\/\/lkv-ostfriesland.de\/index.php\/vereinsservice\" target=\"_blank\" rel=\"noopener noreferrer\">Spielpl\u00e4ne LKV Ostfriesland<\/a><\/li>\n<li><a href=\"https:\/\/kvaurich.de\/pages\/bosselsaison.php\" target=\"_blank\" rel=\"noopener noreferrer\">Spielpl\u00e4ne KV Aurich<\/a><\/li>\n<li><a href=\"https:\/\/www.fkv-online.de\/media\/Dokumente\/01.09.2020_Hygienekonzept.pdf\" target=\"_blank\" rel=\"noopener noreferrer\">Hygienekonzept (Corona)<\/a><\/li>\n<li><a href=\"https:\/\/kvaurich.de\/media\/Bosselsaison\/2020_2021\/Werferbestimmungen20202021_Beschluss_vom_27.08.2020.pdf\" target=\"_blank\" rel=\"noopener noreferrer\">Werferbestimmungen<\/a><\/li>\n<\/ul>\n<p>Erfahrungsgem\u00e4\u00df \u00e4ndern sich die Spielpl\u00e4ne unmittelbar vor der Saison des \u00d6fteren. Deshalb wird direkt auf die jeweiligen Webseiten verlinkt, die die Spielpl\u00e4ne ver\u00f6ffentlichen. Bitte schaut doch gelegentlich auf die verlinkte Website, um auf den aktuellen Stand zu bleiben.<\/p>\n<p>Verlinkung der <a href=\"https:\/\/bosselergebnis.info\/login\" target=\"_blank\" rel=\"noopener noreferrer\">Ergebniseingabe <\/a>f\u00fcr den KV Aurich \/ LKV Ostfriesland.<\/p>\n","protected":false},"excerpt":{"rendered":"<p>Hier k\u00f6nnt Ihr alle Mannschaften des KBV Middels einsehen, die in der Saison 2020\/2021 gestartet sind. Bezirksklasse M I 1. Kreisklasse M I Kreisliga M II Kreisliga M III 1. Kreisliga M IV Bezirksklasse F I 2. Kreisliga F I 1. Kreisliga F II (SG Middels \/ Spekendorf) Kreisliga F IV Kreisliga m\u00e4nnl. Jugend D &hellip; <\/p>\n<p class=\"link-more\"><a href=\"https:\/\/www.kbv-middels.de\/WordPress\/bosselsaison\/bosselsaison-20202021\/\" class=\"more-link\"><span class=\"screen-reader-text\">\u201eBo\u00dfelsaison 2020\/2021\u201c <\/span>weiterlesen<\/a><\/p>\n","protected":false},"author":1,"featured_media":0,"parent":122,"menu_order":0,"comment_status":"closed","ping_status":"closed","template":"","meta":{"_themeisle_gutenberg_block_has_review":false,"footnotes":""},"class_list":["post-5974","page","type-page","status-publish","hentry"],"publishpress_future_action":{"enabled":false,"date":"2026-04-26 12:25:13","action":"change-status","newStatus":"draft","terms":[],"taxonomy":"","extraData":[]},"publishpress_future_workflow_manual_trigger":{"enabledWorkflows":[]},"_links":{"self":[{"href":"https:\/\/www.kbv-middels.de\/WordPress\/wp-json\/wp\/v2\/pages\/5974","targetHints":{"allow":["GET"]}}],"collection":[{"href":"https:\/\/www.kbv-middels.de\/WordPress\/wp-json\/wp\/v2\/pages"}],"about":[{"href":"https:\/\/www.kbv-middels.de\/WordPress\/wp-json\/wp\/v2\/types\/page"}],"author":[{"embeddable":true,"href":"https:\/\/www.kbv-middels.de\/WordPress\/wp-json\/wp\/v2\/users\/1"}],"replies":[{"embeddable":true,"href":"https:\/\/www.kbv-middels.de\/WordPress\/wp-json\/wp\/v2\/comments?post=5974"}],"version-history":[{"count":4,"href":"https:\/\/www.kbv-middels.de\/WordPress\/wp-json\/wp\/v2\/pages\/5974\/revisions"}],"predecessor-version":[{"id":6153,"href":"https:\/\/www.kbv-middels.de\/WordPress\/wp-json\/wp\/v2\/pages\/5974\/revisions\/6153"}],"up":[{"embeddable":true,"href":"https:\/\/www.kbv-middels.de\/WordPress\/wp-json\/wp\/v2\/pages\/122"}],"wp:attachment":[{"href":"https:\/\/www.kbv-middels.de\/WordPress\/wp-json\/wp\/v2\/media?parent=5974"}],"curies":[{"name":"wp","href":"https:\/\/api.w.org\/{rel}","templated":true}]}}