{"id":577,"date":"2015-03-28T07:33:37","date_gmt":"2015-03-28T05:33:37","guid":{"rendered":"http:\/\/www.kbv-middels.de\/WordPress\/?page_id=577"},"modified":"2024-04-06T20:44:25","modified_gmt":"2024-04-06T18:44:25","slug":"hallenbosseln","status":"publish","type":"page","link":"https:\/\/www.kbv-middels.de\/WordPress\/kbv\/hallenbosseln\/","title":{"rendered":"Hallenbo\u00dfeln"},"content":{"rendered":"<p>Im Fr\u00fchsommer findet i.d.R.\u00a0 immer jeden zweiten Dienstag zw. 17:00 und 18:00 Uhr ein Hallenbo\u00dfeln f\u00fcr die Kinder \/ Jugendlichen statt. Hier erlernen die Nachwuchswerfer\/-innen\u00a0 den Umgang mit einer Bo\u00dfelkugel ganz spielerisch.<br \/>\nDer Spa\u00df steht nat\u00fcrlich auch hier wieder im Vordergrund. Neben dem Bo\u00dfeln bitten wir den Kids auch andere Bet\u00e4tigungsfelder an, wie z. B. Turnen, Hockey etc.<\/p>\n<p>Sofern unterschiedliche Altersklassen beim Hallenbo\u00dfeln aufeinander treffen, versuchen wir diese altersgerecht aufzuteilen.<\/p>\n<p>Ziel des Hallenbo\u00dfelns ist es zum einen unseren Tradtionssport zu vermitteln und zum anderen die Lust am Bo\u00dfeln zu wecken.<br \/>\nDie Termine f\u00fcr das Hallenbo\u00dfeln sind in unserem <a href=\"https:\/\/www.kbv-middels.de\/WordPress\/?p=1509\">Kalender<\/a> einsehbar.<\/p>\n<p><a href=\"https:\/\/www.kbv-middels.de\/WordPress\/?p=677\">Impressionen vom Hallenbo\u00dfeln<\/a><\/p>\n<p>Hat auch dein Kind Lust mitzumachen?<br \/>\nHaben wir vielleicht auch dein Interesse geweckt?<br \/>\nDann rufe doch einfach bei einem der folgenden Personen an und informiere dich:<\/p>\n<ul>\n<li>Tanja Loy\u00a0 04947\/917968<\/li>\n<li>Hermann Gossel 0173\/6648252<\/li>\n<\/ul>\n<p>Das Hallenbo\u00dfeln findet in der Grundschule Middels statt.<\/p>\n","protected":false},"excerpt":{"rendered":"<p>Im Fr\u00fchsommer findet i.d.R.\u00a0 immer jeden zweiten Dienstag zw. 17:00 und 18:00 Uhr ein Hallenbo\u00dfeln f\u00fcr die Kinder \/ Jugendlichen statt. Hier erlernen die Nachwuchswerfer\/-innen\u00a0 den Umgang mit einer Bo\u00dfelkugel ganz spielerisch. Der Spa\u00df steht nat\u00fcrlich auch hier wieder im Vordergrund. Neben dem Bo\u00dfeln bitten wir den Kids auch andere Bet\u00e4tigungsfelder an, wie z. B. &hellip; <\/p>\n<p class=\"link-more\"><a href=\"https:\/\/www.kbv-middels.de\/WordPress\/kbv\/hallenbosseln\/\" class=\"more-link\"><span class=\"screen-reader-text\">\u201eHallenbo\u00dfeln\u201c <\/span>weiterlesen<\/a><\/p>\n","protected":false},"author":1,"featured_media":0,"parent":153,"menu_order":0,"comment_status":"closed","ping_status":"closed","template":"","meta":{"_themeisle_gutenberg_block_has_review":false,"footnotes":""},"class_list":["post-577","page","type-page","status-publish","hentry"],"publishpress_future_action":{"enabled":false,"date":"2026-04-22 11:34:08","action":"change-status","newStatus":"draft","terms":[],"taxonomy":"","extraData":[]},"publishpress_future_workflow_manual_trigger":{"enabledWorkflows":[]},"_links":{"self":[{"href":"https:\/\/www.kbv-middels.de\/WordPress\/wp-json\/wp\/v2\/pages\/577","targetHints":{"allow":["GET"]}}],"collection":[{"href":"https:\/\/www.kbv-middels.de\/WordPress\/wp-json\/wp\/v2\/pages"}],"about":[{"href":"https:\/\/www.kbv-middels.de\/WordPress\/wp-json\/wp\/v2\/types\/page"}],"author":[{"embeddable":true,"href":"https:\/\/www.kbv-middels.de\/WordPress\/wp-json\/wp\/v2\/users\/1"}],"replies":[{"embeddable":true,"href":"https:\/\/www.kbv-middels.de\/WordPress\/wp-json\/wp\/v2\/comments?post=577"}],"version-history":[{"count":14,"href":"https:\/\/www.kbv-middels.de\/WordPress\/wp-json\/wp\/v2\/pages\/577\/revisions"}],"predecessor-version":[{"id":13115,"href":"https:\/\/www.kbv-middels.de\/WordPress\/wp-json\/wp\/v2\/pages\/577\/revisions\/13115"}],"up":[{"embeddable":true,"href":"https:\/\/www.kbv-middels.de\/WordPress\/wp-json\/wp\/v2\/pages\/153"}],"wp:attachment":[{"href":"https:\/\/www.kbv-middels.de\/WordPress\/wp-json\/wp\/v2\/media?parent=577"}],"curies":[{"name":"wp","href":"https:\/\/api.w.org\/{rel}","templated":true}]}}