{"id":2433,"date":"2017-09-03T20:06:20","date_gmt":"2017-09-03T18:06:20","guid":{"rendered":"http:\/\/www.kbv-middels.de\/WordPress\/?page_id=2433"},"modified":"2018-01-16T20:39:58","modified_gmt":"2018-01-16T19:39:58","slug":"bosselsaison-20172018","status":"publish","type":"page","link":"https:\/\/www.kbv-middels.de\/WordPress\/bosselsaison\/bosselsaison-20172018\/","title":{"rendered":"Bo\u00dfelsaison 2017\/2018"},"content":{"rendered":"<p>Hier k\u00f6nnt Ihr alle Mannschaften des KBV Middels einsehen, die in der Saison 2017\/2018 gestartet sind.<\/p>\n<ul>\n<li><a href=\"https:\/\/lkv-ostfriesland.bosselergebnis.info\/tabellen\/tabelle\/klassen_id\/110\/saison_id\/7\" target=\"_blank\" rel=\"noopener\">Bezirksklasse MI<\/a><\/li>\n<li><a href=\"https:\/\/www.kvaurich.bosselergebnis.info\/tabellen\/tabelle\/klassen_id\/278\/saison_id\/8\" target=\"_blank\" rel=\"noopener\">1. Kreisliga MI<\/a><\/li>\n<li><a href=\"https:\/\/www.kvaurich.bosselergebnis.info\/tabellen\/tabelle\/klassen_id\/283\/saison_id\/8\" target=\"_blank\" rel=\"noopener\">1. Kreisliga MII<\/a><\/li>\n<li><a href=\"https:\/\/www.kvaurich.bosselergebnis.info\/tabellen\/tabelle\/klassen_id\/280\/saison_id\/8\" target=\"_blank\" rel=\"noopener\">Kreisliga MIII<\/a><\/li>\n<li><a href=\"https:\/\/www.kvaurich.bosselergebnis.info\/tabellen\/tabelle\/klassen_id\/286\/saison_id\/8\" target=\"_blank\" rel=\"noopener\">2. Kreisklasse MIII<\/a><\/li>\n<li><a href=\"https:\/\/www.kvaurich.bosselergebnis.info\/tabellen\/tabelle\/klassen_id\/301\/saison_id\/8\" target=\"_blank\" rel=\"noopener\">Senioren M<\/a><\/li>\n<li><a href=\"https:\/\/lkv-ostfriesland.bosselergebnis.info\/tabellen\/tabelle\/klassen_id\/107\/saison_id\/7\" target=\"_blank\" rel=\"noopener\">Bezirksliga FI<\/a><\/li>\n<li><a href=\"https:\/\/www.kvaurich.bosselergebnis.info\/tabellen\/tabelle\/klassen_id\/272\/saison_id\/8\" target=\"_blank\" rel=\"noopener\">2. Kreisklasse FI<\/a><\/li>\n<li><a href=\"https:\/\/www.kvaurich.bosselergebnis.info\/tabellen\/tabelle\/klassen_id\/277\/saison_id\/8\" target=\"_blank\" rel=\"noopener\">Kreisliga FIV<\/a><\/li>\n<li>m\u00e4nnl. Jugend A<\/li>\n<li><a href=\"https:\/\/www.kvaurich.bosselergebnis.info\/tabellen\/tabelle\/klassen_id\/314\/saison_id\/8\" target=\"_blank\" rel=\"nofollow noopener\">m\u00e4nnl. Jugend D<\/a><\/li>\n<li><a href=\"https:\/\/www.kvaurich.bosselergebnis.info\/tabellen\/tabelle\/klassen_id\/308\/saison_id\/8\" target=\"_blank\" rel=\"nofollow noopener\">m\u00e4nnl. Jugend E (Staffel II)<\/a><\/li>\n<li><a href=\"https:\/\/www.kvaurich.bosselergebnis.info\/tabellen\/tabelle\/klassen_id\/330\/saison_id\/8\" target=\"_blank\" rel=\"noopener\">1. Kreisliga m\u00e4nnl. Jugend E<\/a><\/li>\n<li><a href=\"https:\/\/www.kvaurich.bosselergebnis.info\/tabellen\/tabelle\/klassen_id\/312\/saison_id\/8\" target=\"_blank\" rel=\"nofollow noopener\">m\u00e4nnl. Jugend F (Staffel II)<\/a><\/li>\n<li><a href=\"https:\/\/www.kvaurich.bosselergebnis.info\/tabellen\/tabelle\/klassen_id\/327\/saison_id\/8\" target=\"_blank\" rel=\"noopener\">2. Kreisliga m\u00e4nnl. Jugend F<\/a><\/li>\n<\/ul>\n<p>Folgende Spielpl\u00e4ne sind online verf\u00fcgbar:<\/p>\n<ul>\n<li><a href=\"https:\/\/lkv-ostfriesland.bosselergebnis.info\/index\">Spielpl\u00e4ne LKV Ostfriesland<\/a><\/li>\n<li><a href=\"http:\/\/www.kvaurich.de\/wb\/Seiten\/saison-20172018.php\" target=\"_blank\" rel=\"noopener\">Spielpl\u00e4ne KV Aurich<\/a><\/li>\n<li><a href=\"http:\/\/www.kvaurich.de\/wb\/Medien\/Neu_ab%20Februar%202014\/Saison_2017_2018\/Dokumente\/Spielplaene_Jugend_e_f_2\/1_Kreisliga_e.pdf\" target=\"_blank\" rel=\"noopener\">Spielpl\u00e4ne Jugend E \/ 1. Kreisliga<\/a> (R\u00fcckrunde 2018)<\/li>\n<li><a href=\"http:\/\/www.kvaurich.de\/wb\/Medien\/Neu_ab%20Februar%202014\/Saison_2017_2018\/Dokumente\/Spielplaene_Jugend_e_f_2\/2_Kreisliga_F.pdf\" target=\"_blank\" rel=\"noopener\">Spielpl\u00e4ne Jugend F \/ 2. Kreisliga<\/a> (R\u00fcckrunde 2018)<\/li>\n<li><a href=\"http:\/\/www.kvaurich.de\/wb\/Medien\/Neu_ab%20Februar%202014\/Saison_2017_2018\/Dokumente\/Werferbestimmungen20172018_beschlossen_01.09.2017.pdf\" target=\"_blank\" rel=\"noopener\">Werferbestimmungen<\/a><\/li>\n<\/ul>\n<p>Erfahrungsgem\u00e4\u00df \u00e4ndern sich die Spielpl\u00e4ne unmittelbar vor der Saison des \u00d6fteren. Deshalb wird direkt auf die jeweiligen Webseiten verlinkt, die die Spielpl\u00e4ne ver\u00f6ffentlichen. Bitte schaut doch gelegentlich auf die verlinkte Website, um auf den aktuellen Stand zu bleiben.<\/p>\n<p>Verlinkung der <a href=\"https:\/\/www.kvaurich.bosselergebnis.info\/spielbetrieb\" target=\"_blank\" rel=\"noopener\">Ergebniseingabe <\/a>f\u00fcr den KV Aurich.<\/p>\n","protected":false},"excerpt":{"rendered":"<p>Hier k\u00f6nnt Ihr alle Mannschaften des KBV Middels einsehen, die in der Saison 2017\/2018 gestartet sind. Bezirksklasse MI 1. Kreisliga MI 1. Kreisliga MII Kreisliga MIII 2. Kreisklasse MIII Senioren M Bezirksliga FI 2. Kreisklasse FI Kreisliga FIV m\u00e4nnl. Jugend A m\u00e4nnl. Jugend D m\u00e4nnl. Jugend E (Staffel II) 1. Kreisliga m\u00e4nnl. Jugend E m\u00e4nnl. &hellip; <\/p>\n<p class=\"link-more\"><a href=\"https:\/\/www.kbv-middels.de\/WordPress\/bosselsaison\/bosselsaison-20172018\/\" class=\"more-link\"><span class=\"screen-reader-text\">\u201eBo\u00dfelsaison 2017\/2018\u201c <\/span>weiterlesen<\/a><\/p>\n","protected":false},"author":1,"featured_media":0,"parent":122,"menu_order":0,"comment_status":"closed","ping_status":"closed","template":"","meta":{"_themeisle_gutenberg_block_has_review":false,"footnotes":""},"class_list":["post-2433","page","type-page","status-publish","hentry"],"publishpress_future_action":{"enabled":false,"date":"2026-04-28 10:36:50","action":"change-status","newStatus":"draft","terms":[],"taxonomy":"","extraData":[]},"publishpress_future_workflow_manual_trigger":{"enabledWorkflows":[]},"_links":{"self":[{"href":"https:\/\/www.kbv-middels.de\/WordPress\/wp-json\/wp\/v2\/pages\/2433","targetHints":{"allow":["GET"]}}],"collection":[{"href":"https:\/\/www.kbv-middels.de\/WordPress\/wp-json\/wp\/v2\/pages"}],"about":[{"href":"https:\/\/www.kbv-middels.de\/WordPress\/wp-json\/wp\/v2\/types\/page"}],"author":[{"embeddable":true,"href":"https:\/\/www.kbv-middels.de\/WordPress\/wp-json\/wp\/v2\/users\/1"}],"replies":[{"embeddable":true,"href":"https:\/\/www.kbv-middels.de\/WordPress\/wp-json\/wp\/v2\/comments?post=2433"}],"version-history":[{"count":13,"href":"https:\/\/www.kbv-middels.de\/WordPress\/wp-json\/wp\/v2\/pages\/2433\/revisions"}],"predecessor-version":[{"id":2589,"href":"https:\/\/www.kbv-middels.de\/WordPress\/wp-json\/wp\/v2\/pages\/2433\/revisions\/2589"}],"up":[{"embeddable":true,"href":"https:\/\/www.kbv-middels.de\/WordPress\/wp-json\/wp\/v2\/pages\/122"}],"wp:attachment":[{"href":"https:\/\/www.kbv-middels.de\/WordPress\/wp-json\/wp\/v2\/media?parent=2433"}],"curies":[{"name":"wp","href":"https:\/\/api.w.org\/{rel}","templated":true}]}}