{"id":2068,"date":"2017-04-22T08:27:03","date_gmt":"2017-04-22T06:27:03","guid":{"rendered":"http:\/\/www.kbv-middels.de\/WordPress\/?page_id=2068"},"modified":"2025-09-07T07:29:17","modified_gmt":"2025-09-07T05:29:17","slug":"internetredaktion","status":"publish","type":"page","link":"https:\/\/www.kbv-middels.de\/WordPress\/kbv\/internetredaktion\/","title":{"rendered":"Internetredaktion"},"content":{"rendered":"<p style=\"text-align: justify;\">Die Website www.kbv-middels.de wird vom Bo\u00dfelverein KBV Middels Ogenbargen \/ Westerloog e.V. betrieben. Jedes Vereinsmitglied \/ Mannschaft hat die M\u00f6glichkeit Beitr\u00e4ge bez\u00fcglich des<\/p>\n<ul>\n<li>Bo\u00dfelsports<\/li>\n<li>mannschaftsinternen Veranstaltungen<\/li>\n<li>Ausfl\u00fcge<\/li>\n<li>Mannschaftsfotos<\/li>\n<li>Termine<\/li>\n<li>usw.<\/li>\n<\/ul>\n<p style=\"text-align: justify;\">online und somit auch allen Vereinsmitgliedern zur Verf\u00fcgung zu stellen.<\/p>\n<p style=\"text-align: justify;\">Aufgrund der Gefahr, dass z.B. Inhalte mit rechtswidrigen Inhalten oder unter Missachtung eines Copyright-Verbots online geschaltet werden, wird im Vorfeld der Artikel gesichtet.<\/p>\n<p style=\"text-align: justify;\">Gerne k\u00f6nnen die Artikel auch mit Bildmaterialen (Fotos, Bilder usw.) gef\u00fcllt werden. Fotos, die publiziert werden sollen, sind als Anhang der Mail beizuf\u00fcgen. Bitte keine Reduktion der Fotos durchf\u00fchren. Die Mindestgr\u00f6\u00dfe bei Fotos f\u00fcr die Website betr\u00e4gt 1024 x 768 Pixel (ist i.d.R. bei jeder Digitalkamera gr\u00f6\u00dfer und sollte somit kein Problem darstellen).<\/p>\n<p style=\"text-align: justify;\">Sofern eine Galerie\u00a0 erstellt werden soll, w\u00e4re es von Vorteil, die Fotos \/ Dateien per USB-Stick\u00a0 \/ CD-Rom an Hermann Gossel (04947\/917647) abzugeben.<\/p>\n<p style=\"text-align: justify;\">Habt auch Ihr ein Artikel, der online gestellt werden soll, so schickt den Artikel doch bitte in der Entwurfsfassung unter Angabe eures Names und eurer Telefonnummer per E-Mail an die <em><a href=\"mailto:redaktion@kbv-middels.de\">Redaktion<\/a> oder nutzt die nachfolgende Eingabemaske.<br \/>\n<\/em><\/p>\n<p style=\"text-align: justify;\">Der Artikel wird dann schnellstm\u00f6glich online gestellt.<\/p>\n\n<div class=\"wpcf7 no-js\" id=\"wpcf7-f2257-o1\" lang=\"de-DE\" dir=\"ltr\" data-wpcf7-id=\"2257\">\n<div class=\"screen-reader-response\"><p role=\"status\" aria-live=\"polite\" aria-atomic=\"true\"><\/p> <ul><\/ul><\/div>\n<form action=\"\/WordPress\/wp-json\/wp\/v2\/pages\/2068#wpcf7-f2257-o1\" method=\"post\" class=\"wpcf7-form init wpcf7-acceptance-as-validation\" aria-label=\"Kontaktformular\" enctype=\"multipart\/form-data\" novalidate=\"novalidate\" data-status=\"init\">\n<fieldset class=\"hidden-fields-container\"><input type=\"hidden\" name=\"_wpcf7\" value=\"2257\" \/><input type=\"hidden\" name=\"_wpcf7_version\" value=\"6.1.5\" \/><input type=\"hidden\" name=\"_wpcf7_locale\" value=\"de_DE\" \/><input type=\"hidden\" name=\"_wpcf7_unit_tag\" value=\"wpcf7-f2257-o1\" \/><input type=\"hidden\" name=\"_wpcf7_container_post\" value=\"0\" \/><input type=\"hidden\" name=\"_wpcf7_posted_data_hash\" value=\"\" \/>\n<\/fieldset>\n<p><label> Dein Name (Pflichtfeld)<br \/>\n<span class=\"wpcf7-form-control-wrap\" data-name=\"your-name\"><input size=\"40\" maxlength=\"400\" class=\"wpcf7-form-control wpcf7-text wpcf7-validates-as-required\" aria-required=\"true\" aria-invalid=\"false\" value=\"\" type=\"text\" name=\"your-name\" \/><\/span> <\/label>\n<\/p>\n<p><label> Deine E-Mail-Adresse (Pflichtfeld)<br \/>\n<span class=\"wpcf7-form-control-wrap\" data-name=\"your-email\"><input size=\"40\" maxlength=\"400\" class=\"wpcf7-form-control wpcf7-email wpcf7-validates-as-required wpcf7-text wpcf7-validates-as-email\" aria-required=\"true\" aria-invalid=\"false\" value=\"\" type=\"email\" name=\"your-email\" \/><\/span> <\/label>\n<\/p>\n<p><label> Betreff (Pflichtfeld)<br \/>\n<span class=\"wpcf7-form-control-wrap\" data-name=\"your-subject\"><input size=\"40\" maxlength=\"400\" class=\"wpcf7-form-control wpcf7-text wpcf7-validates-as-required\" aria-required=\"true\" aria-invalid=\"false\" value=\"\" type=\"text\" name=\"your-subject\" \/><\/span> <\/label>\n<\/p>\n<p><label> Deine Telefonnummer (Pflichtfeld)<br \/>\n<span class=\"wpcf7-form-control-wrap\" data-name=\"tel-516\"><input size=\"40\" maxlength=\"400\" class=\"wpcf7-form-control wpcf7-tel wpcf7-validates-as-required wpcf7-text wpcf7-validates-as-tel\" aria-required=\"true\" aria-invalid=\"false\" value=\"\" type=\"tel\" name=\"tel-516\" \/><\/span> <\/label>\n<\/p>\n<p><label> Deine Nachricht<br \/>\n<span class=\"wpcf7-form-control-wrap\" data-name=\"your-message\"><textarea cols=\"40\" rows=\"10\" maxlength=\"2000\" class=\"wpcf7-form-control wpcf7-textarea\" aria-invalid=\"false\" name=\"your-message\"><\/textarea><\/span> <\/label>\n<\/p>\n<p><label> Deine Dateien (Es k\u00f6nnen nur folgende Dateien hochgeladen werden: jpg, jpeg, doc, docx, pdf)<br \/>\n<span class=\"wpcf7-form-control-wrap multifile-494\"><input size=\"40\" class=\"wpcf7-form-control wpcf7-multifile\" multiple=\"multiple\" aria-invalid=\"false\" type=\"file\" name=\"multifile-494[]\" \/><\/span> <\/label>\n<\/p>\n<p><span class=\"wpcf7-form-control-wrap\" data-name=\"ZustimmungDatenschutz\"><span class=\"wpcf7-form-control wpcf7-acceptance\"><span class=\"wpcf7-list-item\"><label><input type=\"checkbox\" name=\"ZustimmungDatenschutz\" value=\"1\" aria-invalid=\"false\" \/><span class=\"wpcf7-list-item-label\">Ich habe die <a href=https:\/\/www.kbv-middels.de\/WordPress\/?p=2827\">Datenschutzerkl\u00e4rung<\/a> zur Kenntnis genommen. Ich stimme zu, dass meine Angaben zur Kontaktaufnahme und f\u00fcr R\u00fcckfragen gespeichert werden.<\/span><\/label><\/span><\/span><\/span>\n<\/p>\n<p><span id=\"wpcf7-69e49990df182-wrapper\" class=\"wpcf7-form-control-wrap honeypot-955-wrap\" style=\"display:none !important; visibility:hidden !important;\"><label for=\"wpcf7-69e49990df182-field\" class=\"hp-message\">Bitte lasse dieses Feld leer.<\/label><input id=\"wpcf7-69e49990df182-field\"  class=\"wpcf7-form-control wpcf7-text\" type=\"text\" name=\"honeypot-955\" value=\"\" size=\"40\" tabindex=\"-1\" autocomplete=\"new-password\" \/><\/span>\n<\/p>\n<p><input class=\"wpcf7-form-control wpcf7-submit has-spinner\" type=\"submit\" value=\"Senden\" \/>\n<\/p><p style=\"display: none !important;\" class=\"akismet-fields-container\" data-prefix=\"_wpcf7_ak_\"><label>&#916;<textarea name=\"_wpcf7_ak_hp_textarea\" cols=\"45\" rows=\"8\" maxlength=\"100\"><\/textarea><\/label><input type=\"hidden\" id=\"ak_js_1\" name=\"_wpcf7_ak_js\" value=\"188\"\/><script>document.getElementById( \"ak_js_1\" ).setAttribute( \"value\", ( new Date() ).getTime() );<\/script><\/p><div class=\"wpcf7-response-output\" aria-hidden=\"true\"><\/div>\n<\/form>\n<\/div>\n\n","protected":false},"excerpt":{"rendered":"<p>Die Website www.kbv-middels.de wird vom Bo\u00dfelverein KBV Middels Ogenbargen \/ Westerloog e.V. betrieben. Jedes Vereinsmitglied \/ Mannschaft hat die M\u00f6glichkeit Beitr\u00e4ge bez\u00fcglich des Bo\u00dfelsports mannschaftsinternen Veranstaltungen Ausfl\u00fcge Mannschaftsfotos Termine usw. online und somit auch allen Vereinsmitgliedern zur Verf\u00fcgung zu stellen. Aufgrund der Gefahr, dass z.B. Inhalte mit rechtswidrigen Inhalten oder unter Missachtung eines Copyright-Verbots online &hellip; <\/p>\n<p class=\"link-more\"><a href=\"https:\/\/www.kbv-middels.de\/WordPress\/kbv\/internetredaktion\/\" class=\"more-link\"><span class=\"screen-reader-text\">\u201eInternetredaktion\u201c <\/span>weiterlesen<\/a><\/p>\n","protected":false},"author":1,"featured_media":0,"parent":153,"menu_order":0,"comment_status":"closed","ping_status":"closed","template":"","meta":{"_themeisle_gutenberg_block_has_review":false,"footnotes":""},"class_list":["post-2068","page","type-page","status-publish","hentry"],"publishpress_future_action":{"enabled":false,"date":"2026-04-26 11:00:00","action":"change-status","newStatus":"draft","terms":[],"taxonomy":"","extraData":[]},"publishpress_future_workflow_manual_trigger":{"enabledWorkflows":[]},"_links":{"self":[{"href":"https:\/\/www.kbv-middels.de\/WordPress\/wp-json\/wp\/v2\/pages\/2068","targetHints":{"allow":["GET"]}}],"collection":[{"href":"https:\/\/www.kbv-middels.de\/WordPress\/wp-json\/wp\/v2\/pages"}],"about":[{"href":"https:\/\/www.kbv-middels.de\/WordPress\/wp-json\/wp\/v2\/types\/page"}],"author":[{"embeddable":true,"href":"https:\/\/www.kbv-middels.de\/WordPress\/wp-json\/wp\/v2\/users\/1"}],"replies":[{"embeddable":true,"href":"https:\/\/www.kbv-middels.de\/WordPress\/wp-json\/wp\/v2\/comments?post=2068"}],"version-history":[{"count":9,"href":"https:\/\/www.kbv-middels.de\/WordPress\/wp-json\/wp\/v2\/pages\/2068\/revisions"}],"predecessor-version":[{"id":16851,"href":"https:\/\/www.kbv-middels.de\/WordPress\/wp-json\/wp\/v2\/pages\/2068\/revisions\/16851"}],"up":[{"embeddable":true,"href":"https:\/\/www.kbv-middels.de\/WordPress\/wp-json\/wp\/v2\/pages\/153"}],"wp:attachment":[{"href":"https:\/\/www.kbv-middels.de\/WordPress\/wp-json\/wp\/v2\/media?parent=2068"}],"curies":[{"name":"wp","href":"https:\/\/api.w.org\/{rel}","templated":true}]}}