{"id":1933,"date":"2017-03-30T14:05:52","date_gmt":"2017-03-30T12:05:52","guid":{"rendered":"http:\/\/www.kbv-middels.de\/WordPress\/?page_id=1933"},"modified":"2025-09-07T08:08:11","modified_gmt":"2025-09-07T06:08:11","slug":"jugendbetreuer","status":"publish","type":"page","link":"https:\/\/www.kbv-middels.de\/WordPress\/kbv\/jugendbetreuer\/","title":{"rendered":"Jugendbetreuer\/-innen"},"content":{"rendered":"<p>Folgende Personen betreuen i.d.R. die Jugendmannschaften (Bo\u00dfelsaison 2024\/2025)<\/p>\n<p><strong>m\u00e4nnl. Jugend B<\/strong><br \/>\nHermann Gossel<br \/>\nG\u00fcnther Janssen<\/p>\n<p><strong>weibl. Jugend B<\/strong><br \/>\nIna Gossel<br \/>\nMonja Tjardes<\/p>\n<p><strong>m\u00e4nnl. Jugend C<br \/>\n<\/strong>Ingo Post<br \/>\nMarko &amp; Claudia Post<\/p>\n<p><strong>weibliche Jugend D<\/strong><br \/>\nIngo Post<br \/>\nMareke Best<\/p>\n<p><strong>m\u00e4nnliche Jugend E<\/strong><br \/>\nTimo Loy<br \/>\nTanja Loy<\/p>\n<p><strong>weibliche Jugend F<\/strong><br \/>\nMaike Zarth<br \/>\nMario Remmers<\/p>\n<p>Selbstverst\u00e4ndlich m\u00f6chten wir uns auch bei den Mamas und Papas bedanken, die uns immer wieder tatkr\u00e4ftig unterst\u00fctzen.<\/p>\n<p>Vielen Dank f\u00fcr Engagement<\/p>\n","protected":false},"excerpt":{"rendered":"<p>Folgende Personen betreuen i.d.R. die Jugendmannschaften (Bo\u00dfelsaison 2024\/2025) m\u00e4nnl. Jugend B Hermann Gossel G\u00fcnther Janssen weibl. Jugend B Ina Gossel Monja Tjardes m\u00e4nnl. Jugend C Ingo Post Marko &amp; Claudia Post weibliche Jugend D Ingo Post Mareke Best m\u00e4nnliche Jugend E Timo Loy Tanja Loy weibliche Jugend F Maike Zarth Mario Remmers Selbstverst\u00e4ndlich m\u00f6chten wir &hellip; <\/p>\n<p class=\"link-more\"><a href=\"https:\/\/www.kbv-middels.de\/WordPress\/kbv\/jugendbetreuer\/\" class=\"more-link\"><span class=\"screen-reader-text\">\u201eJugendbetreuer\/-innen\u201c <\/span>weiterlesen<\/a><\/p>\n","protected":false},"author":1,"featured_media":0,"parent":153,"menu_order":0,"comment_status":"closed","ping_status":"closed","template":"","meta":{"_themeisle_gutenberg_block_has_review":false,"footnotes":""},"class_list":["post-1933","page","type-page","status-publish","hentry"],"publishpress_future_action":{"enabled":false,"date":"2026-04-26 10:57:55","action":"change-status","newStatus":"draft","terms":[],"taxonomy":"","extraData":[]},"publishpress_future_workflow_manual_trigger":{"enabledWorkflows":[]},"_links":{"self":[{"href":"https:\/\/www.kbv-middels.de\/WordPress\/wp-json\/wp\/v2\/pages\/1933","targetHints":{"allow":["GET"]}}],"collection":[{"href":"https:\/\/www.kbv-middels.de\/WordPress\/wp-json\/wp\/v2\/pages"}],"about":[{"href":"https:\/\/www.kbv-middels.de\/WordPress\/wp-json\/wp\/v2\/types\/page"}],"author":[{"embeddable":true,"href":"https:\/\/www.kbv-middels.de\/WordPress\/wp-json\/wp\/v2\/users\/1"}],"replies":[{"embeddable":true,"href":"https:\/\/www.kbv-middels.de\/WordPress\/wp-json\/wp\/v2\/comments?post=1933"}],"version-history":[{"count":18,"href":"https:\/\/www.kbv-middels.de\/WordPress\/wp-json\/wp\/v2\/pages\/1933\/revisions"}],"predecessor-version":[{"id":16854,"href":"https:\/\/www.kbv-middels.de\/WordPress\/wp-json\/wp\/v2\/pages\/1933\/revisions\/16854"}],"up":[{"embeddable":true,"href":"https:\/\/www.kbv-middels.de\/WordPress\/wp-json\/wp\/v2\/pages\/153"}],"wp:attachment":[{"href":"https:\/\/www.kbv-middels.de\/WordPress\/wp-json\/wp\/v2\/media?parent=1933"}],"curies":[{"name":"wp","href":"https:\/\/api.w.org\/{rel}","templated":true}]}}