{"id":1925,"date":"2017-03-30T14:17:42","date_gmt":"2017-03-30T12:17:42","guid":{"rendered":"http:\/\/www.kbv-middels.de\/WordPress\/?page_id=1925"},"modified":"2025-03-30T17:52:30","modified_gmt":"2025-03-30T15:52:30","slug":"festausschuss","status":"publish","type":"page","link":"https:\/\/www.kbv-middels.de\/WordPress\/kbv\/festausschuss\/","title":{"rendered":"Festausschuss"},"content":{"rendered":"\n<p>Der Festausschuss ist die gute Seele des Vereins, die sich um eine Vielzahl von vereinsinternen Veranstaltungen k\u00fcmmern.<\/p>\n\n\n\n<p>Der Festausschuss setzt sich wie folgt zusammen:<\/p>\n\n\n\n<p><img loading=\"lazy\" decoding=\"async\" class=\"size-thumbnail wp-image-1964 alignnone\" src=\"https:\/\/www.kbv-middels.de\/WordPress\/wp-content\/uploads\/2017\/04\/2017-04-07-22-25-27_0037_I_G\u00fcnter-1-150x150.jpg\" alt=\"\" width=\"150\" height=\"150\" srcset=\"https:\/\/www.kbv-middels.de\/WordPress\/wp-content\/uploads\/2017\/04\/2017-04-07-22-25-27_0037_I_G\u00fcnter-1-150x150.jpg 150w, https:\/\/www.kbv-middels.de\/WordPress\/wp-content\/uploads\/2017\/04\/2017-04-07-22-25-27_0037_I_G\u00fcnter-1-100x100.jpg 100w\" sizes=\"auto, (max-width: 150px) 100vw, 150px\" \/> Insa G\u00fcnter<\/p>\n\n\n\n<p><img loading=\"lazy\" decoding=\"async\" class=\"size-thumbnail wp-image-1948 alignnone\" src=\"https:\/\/www.kbv-middels.de\/WordPress\/wp-content\/uploads\/2017\/03\/2017-04-07-22-30-55_0047_I_Badberg-150x150.jpg\" alt=\"\" width=\"150\" height=\"150\" srcset=\"https:\/\/www.kbv-middels.de\/WordPress\/wp-content\/uploads\/2017\/03\/2017-04-07-22-30-55_0047_I_Badberg-150x150.jpg 150w, https:\/\/www.kbv-middels.de\/WordPress\/wp-content\/uploads\/2017\/03\/2017-04-07-22-30-55_0047_I_Badberg-100x100.jpg 100w\" sizes=\"auto, (max-width: 150px) 100vw, 150px\" \/> Imke Badberg<\/p>\n\n\n\n<p><img loading=\"lazy\" decoding=\"async\" class=\"size-thumbnail wp-image-1946 alignnone\" src=\"https:\/\/www.kbv-middels.de\/WordPress\/wp-content\/uploads\/2017\/03\/2017-04-07-22-29-45_0044_D_Tammen-150x150.jpg\" alt=\"\" width=\"150\" height=\"150\" srcset=\"https:\/\/www.kbv-middels.de\/WordPress\/wp-content\/uploads\/2017\/03\/2017-04-07-22-29-45_0044_D_Tammen-150x150.jpg 150w, https:\/\/www.kbv-middels.de\/WordPress\/wp-content\/uploads\/2017\/03\/2017-04-07-22-29-45_0044_D_Tammen-100x100.jpg 100w\" sizes=\"auto, (max-width: 150px) 100vw, 150px\" \/> Dortje Tammen<\/p>\n\n\n\n<p><img loading=\"lazy\" decoding=\"async\" class=\"size-thumbnail wp-image-1957 alignnone\" src=\"https:\/\/www.kbv-middels.de\/WordPress\/wp-content\/uploads\/2017\/03\/2017-04-08-14-54-02_0002-150x150.jpg\" alt=\"\" width=\"150\" height=\"150\" srcset=\"https:\/\/www.kbv-middels.de\/WordPress\/wp-content\/uploads\/2017\/03\/2017-04-08-14-54-02_0002-150x150.jpg 150w, https:\/\/www.kbv-middels.de\/WordPress\/wp-content\/uploads\/2017\/03\/2017-04-08-14-54-02_0002-100x100.jpg 100w\" sizes=\"auto, (max-width: 150px) 100vw, 150px\" \/> Ralf Ackmann<\/p>\n\n\n\n<div class=\"wp-block-group is-horizontal is-nowrap is-layout-flex wp-container-core-group-is-layout-b7ef2a97 wp-block-group-is-layout-flex\">\n<figure class=\"wp-block-image size-large is-resized\"><img loading=\"lazy\" decoding=\"async\" width=\"800\" height=\"534\" src=\"https:\/\/www.kbv-middels.de\/WordPress\/wp-content\/uploads\/2025\/03\/2025_03_28-22_12_56-JHV2025-image010-800x534.jpg\" alt=\"\" class=\"wp-image-15475\" style=\"width:153px;height:auto\" srcset=\"https:\/\/www.kbv-middels.de\/WordPress\/wp-content\/uploads\/2025\/03\/2025_03_28-22_12_56-JHV2025-image010-800x534.jpg 800w, https:\/\/www.kbv-middels.de\/WordPress\/wp-content\/uploads\/2025\/03\/2025_03_28-22_12_56-JHV2025-image010-300x200.jpg 300w, https:\/\/www.kbv-middels.de\/WordPress\/wp-content\/uploads\/2025\/03\/2025_03_28-22_12_56-JHV2025-image010-768x512.jpg 768w, https:\/\/www.kbv-middels.de\/WordPress\/wp-content\/uploads\/2025\/03\/2025_03_28-22_12_56-JHV2025-image010.jpg 1024w\" sizes=\"auto, (max-width: 706px) 89vw, (max-width: 767px) 82vw, 740px\" \/><\/figure>\n\n\n\n<p> Frank Meiners<\/p>\n<\/div>\n\n\n\n<p><img loading=\"lazy\" decoding=\"async\" width=\"150\" height=\"150\" class=\"alignnone wp-image-8431 size-thumbnail\" src=\"https:\/\/www.kbv-middels.de\/WordPress\/wp-content\/uploads\/2022\/04\/2022_04_08-22_28_28_032_JHV2022-150x150.jpg\" alt=\"\" srcset=\"https:\/\/www.kbv-middels.de\/WordPress\/wp-content\/uploads\/2022\/04\/2022_04_08-22_28_28_032_JHV2022-150x150.jpg 150w, https:\/\/www.kbv-middels.de\/WordPress\/wp-content\/uploads\/2022\/04\/2022_04_08-22_28_28_032_JHV2022-100x100.jpg 100w\" sizes=\"auto, (max-width: 150px) 100vw, 150px\" \/> Gerlinde Badberg<\/p>\n\n\n\n<div class=\"wp-block-group is-nowrap is-layout-flex wp-container-core-group-is-layout-e3e06330 wp-block-group-is-layout-flex\">\n<figure class=\"wp-block-image size-large is-resized\"><img loading=\"lazy\" decoding=\"async\" width=\"800\" height=\"534\" src=\"https:\/\/www.kbv-middels.de\/WordPress\/wp-content\/uploads\/2025\/03\/2025_03_28-22_13_07-JHV2025-image011-800x534.jpg\" alt=\"\" class=\"wp-image-15476\" style=\"width:156px;height:auto\" srcset=\"https:\/\/www.kbv-middels.de\/WordPress\/wp-content\/uploads\/2025\/03\/2025_03_28-22_13_07-JHV2025-image011-800x534.jpg 800w, https:\/\/www.kbv-middels.de\/WordPress\/wp-content\/uploads\/2025\/03\/2025_03_28-22_13_07-JHV2025-image011-300x200.jpg 300w, https:\/\/www.kbv-middels.de\/WordPress\/wp-content\/uploads\/2025\/03\/2025_03_28-22_13_07-JHV2025-image011-768x512.jpg 768w, https:\/\/www.kbv-middels.de\/WordPress\/wp-content\/uploads\/2025\/03\/2025_03_28-22_13_07-JHV2025-image011.jpg 1024w\" sizes=\"auto, (max-width: 706px) 89vw, (max-width: 767px) 82vw, 740px\" \/><\/figure>\n\n\n\n<p> Ihno Bandur<\/p>\n<\/div>\n\n\n\n<p>Herzlichen Dank f\u00fcr das Engagement. Macht weiter so&#8230;.<\/p>\n\n\n","protected":false},"excerpt":{"rendered":"<p>Der Festausschuss ist die gute Seele des Vereins, die sich um eine Vielzahl von vereinsinternen Veranstaltungen k\u00fcmmern. Der Festausschuss setzt sich wie folgt zusammen: Insa G\u00fcnter Imke Badberg Dortje Tammen Ralf Ackmann Frank Meiners Gerlinde Badberg Ihno Bandur Herzlichen Dank f\u00fcr das Engagement. Macht weiter so&#8230;.<\/p>\n","protected":false},"author":1,"featured_media":0,"parent":153,"menu_order":0,"comment_status":"closed","ping_status":"closed","template":"","meta":{"_themeisle_gutenberg_block_has_review":false,"footnotes":""},"class_list":["post-1925","page","type-page","status-publish","hentry"],"publishpress_future_action":{"enabled":false,"date":"2026-04-22 11:42:03","action":"change-status","newStatus":"draft","terms":[],"taxonomy":"","extraData":[]},"publishpress_future_workflow_manual_trigger":{"enabledWorkflows":[]},"_links":{"self":[{"href":"https:\/\/www.kbv-middels.de\/WordPress\/wp-json\/wp\/v2\/pages\/1925","targetHints":{"allow":["GET"]}}],"collection":[{"href":"https:\/\/www.kbv-middels.de\/WordPress\/wp-json\/wp\/v2\/pages"}],"about":[{"href":"https:\/\/www.kbv-middels.de\/WordPress\/wp-json\/wp\/v2\/types\/page"}],"author":[{"embeddable":true,"href":"https:\/\/www.kbv-middels.de\/WordPress\/wp-json\/wp\/v2\/users\/1"}],"replies":[{"embeddable":true,"href":"https:\/\/www.kbv-middels.de\/WordPress\/wp-json\/wp\/v2\/comments?post=1925"}],"version-history":[{"count":33,"href":"https:\/\/www.kbv-middels.de\/WordPress\/wp-json\/wp\/v2\/pages\/1925\/revisions"}],"predecessor-version":[{"id":15477,"href":"https:\/\/www.kbv-middels.de\/WordPress\/wp-json\/wp\/v2\/pages\/1925\/revisions\/15477"}],"up":[{"embeddable":true,"href":"https:\/\/www.kbv-middels.de\/WordPress\/wp-json\/wp\/v2\/pages\/153"}],"wp:attachment":[{"href":"https:\/\/www.kbv-middels.de\/WordPress\/wp-json\/wp\/v2\/media?parent=1925"}],"curies":[{"name":"wp","href":"https:\/\/api.w.org\/{rel}","templated":true}]}}