{"id":1902,"date":"2017-03-30T12:04:13","date_gmt":"2017-03-30T10:04:13","guid":{"rendered":"http:\/\/www.kbv-middels.de\/WordPress\/?page_id=1902"},"modified":"2017-03-30T12:26:01","modified_gmt":"2017-03-30T10:26:01","slug":"altersklassen","status":"publish","type":"page","link":"https:\/\/www.kbv-middels.de\/WordPress\/kbv\/altersklassen\/","title":{"rendered":"Altersklassen"},"content":{"rendered":"<p>Selbstverst\u00e4ndlich werden auch, wie in anderen Sportarten, die Jugendlichen nach Altersklassen &#8222;sortiert&#8220;. Das Leistungsgef\u00e4lle ist gerade bei den Kindern und Jugendlichen enorm und somit findet hier eine 2-Jahres-Einstufung statt. Gerade bei dem alterbedingten Aufstieg in die n\u00e4chst h\u00f6here Jugendklasse macht sich dieses bemerkbar.<\/p>\n<p>Der KBV Middels ist bem\u00fcht immer Jugendmannschaften zu bilden, indem die Jugendwerfer\/-innen altersbedingt zusammen bleiben. Einen altersbedingten Umbau einer bestehenden Jugendmannschaft aufgrund unterschiedlicher Geburtsjahrg\u00e4nge wird nach M\u00f6glichkeit vermieden. Warum? Zum einen kennen sich die Werferinnen und Werfer, zum anderen wird der Zusammenhalt innerhalb der Mannschaft gr\u00f6\u00dfer was das Mannschaftsgef\u00fcge ungemein st\u00e4rkt.<\/p>\n<p>\u00dcbersicht \u00fcber die <a href=\"https:\/\/www.kbv-middels.de\/WordPress\/wp-content\/uploads\/2017\/03\/Bo\u00dfelaltersklassen.pdf\">Altersklassen.<\/a><\/p>\n<p>&nbsp;<\/p>\n","protected":false},"excerpt":{"rendered":"<p>Selbstverst\u00e4ndlich werden auch, wie in anderen Sportarten, die Jugendlichen nach Altersklassen &#8222;sortiert&#8220;. Das Leistungsgef\u00e4lle ist gerade bei den Kindern und Jugendlichen enorm und somit findet hier eine 2-Jahres-Einstufung statt. Gerade bei dem alterbedingten Aufstieg in die n\u00e4chst h\u00f6here Jugendklasse macht sich dieses bemerkbar. Der KBV Middels ist bem\u00fcht immer Jugendmannschaften zu bilden, indem die Jugendwerfer\/-innen &hellip; <\/p>\n<p class=\"link-more\"><a href=\"https:\/\/www.kbv-middels.de\/WordPress\/kbv\/altersklassen\/\" class=\"more-link\"><span class=\"screen-reader-text\">\u201eAltersklassen\u201c <\/span>weiterlesen<\/a><\/p>\n","protected":false},"author":1,"featured_media":0,"parent":153,"menu_order":0,"comment_status":"closed","ping_status":"closed","template":"","meta":{"_themeisle_gutenberg_block_has_review":false,"footnotes":""},"class_list":["post-1902","page","type-page","status-publish","hentry"],"publishpress_future_action":{"enabled":false,"date":"2026-04-24 12:31:51","action":"change-status","newStatus":"draft","terms":[],"taxonomy":"","extraData":[]},"publishpress_future_workflow_manual_trigger":{"enabledWorkflows":[]},"_links":{"self":[{"href":"https:\/\/www.kbv-middels.de\/WordPress\/wp-json\/wp\/v2\/pages\/1902","targetHints":{"allow":["GET"]}}],"collection":[{"href":"https:\/\/www.kbv-middels.de\/WordPress\/wp-json\/wp\/v2\/pages"}],"about":[{"href":"https:\/\/www.kbv-middels.de\/WordPress\/wp-json\/wp\/v2\/types\/page"}],"author":[{"embeddable":true,"href":"https:\/\/www.kbv-middels.de\/WordPress\/wp-json\/wp\/v2\/users\/1"}],"replies":[{"embeddable":true,"href":"https:\/\/www.kbv-middels.de\/WordPress\/wp-json\/wp\/v2\/comments?post=1902"}],"version-history":[{"count":11,"href":"https:\/\/www.kbv-middels.de\/WordPress\/wp-json\/wp\/v2\/pages\/1902\/revisions"}],"predecessor-version":[{"id":1915,"href":"https:\/\/www.kbv-middels.de\/WordPress\/wp-json\/wp\/v2\/pages\/1902\/revisions\/1915"}],"up":[{"embeddable":true,"href":"https:\/\/www.kbv-middels.de\/WordPress\/wp-json\/wp\/v2\/pages\/153"}],"wp:attachment":[{"href":"https:\/\/www.kbv-middels.de\/WordPress\/wp-json\/wp\/v2\/media?parent=1902"}],"curies":[{"name":"wp","href":"https:\/\/api.w.org\/{rel}","templated":true}]}}