{"id":1881,"date":"2017-03-30T10:52:37","date_gmt":"2017-03-30T08:52:37","guid":{"rendered":"http:\/\/www.kbv-middels.de\/WordPress\/?page_id=1881"},"modified":"2017-03-30T13:35:41","modified_gmt":"2017-03-30T11:35:41","slug":"bosseln-wat-ist-dat","status":"publish","type":"page","link":"https:\/\/www.kbv-middels.de\/WordPress\/kbv\/bosseln-wat-ist-dat\/","title":{"rendered":"Bo\u00dfeln &#8211; wat is dat?"},"content":{"rendered":"<p>Klootschie\u00dfen ist eine Tradtionssportart, die ihren Ursprung vermutlich im 14. Jahrhundert\u00a0 in der heutigen niederl\u00e4ndischen Provinz Friesland hatte. Im 18. Jahrhundert wurde die Sportart erstmals urkundlich im ostfriesischem Bereich erw\u00e4hnt.<\/p>\n<p>Hieraus abgeleitet wurde das Stra\u00dfenbo\u00dfeln, welches Ende des 19. bzw. Anfang des 20. Jahrhunderts sich in Deutschland schnell verbreitete. Eine Ursache f\u00fcr die Verbreitung war unter anderem die Befestigung der vorhandenen Stra\u00dfen.<\/p>\n<p>In dem Middelser Ortsteil Westerloog wurde 1919 der Verein <strong>BV \u201cSo geid good\u201d Middels Westerloog\u201d<\/strong> sowie im Ortsteil Ogenbargen 1922 der Verein <strong>BV \u201cPockholz\u201d Ogenbargen<\/strong> gegr\u00fcndet. An dieser Stelle wird auf die <a href=\"https:\/\/www.kbv-middels.de\/WordPress\/?p=62\">vereinsinterne Chronik<\/a> des <strong>KBV Middels<\/strong> (gegr\u00fcndet 1994 im Zuge des Zusammenschlusses der beiden o.g. Vereine) verwiesen.<\/p>\n<p>Weiterf\u00fchrende Infos \u00fcber das Bo\u00dfeln bzw. das Klootschie\u00dfen sind unter den Webseiten <a href=\"https:\/\/de.wikipedia.org\/wiki\/Bo%C3%9Feln#Geschichte\" target=\"_blank\">Wikipedia.de,<\/a> <a href=\"https:\/\/www.bossel.de\/bosseln\" target=\"_blank\">bossel.de<\/a> und <a href=\"http:\/\/www.brauchtumsseiten.de\/a-z\/b\/bosseln\/home.html\" target=\"_blank\">brauchtumsseiten.de<\/a> einsehbar.<\/p>\n","protected":false},"excerpt":{"rendered":"<p>Klootschie\u00dfen ist eine Tradtionssportart, die ihren Ursprung vermutlich im 14. Jahrhundert\u00a0 in der heutigen niederl\u00e4ndischen Provinz Friesland hatte. Im 18. Jahrhundert wurde die Sportart erstmals urkundlich im ostfriesischem Bereich erw\u00e4hnt. Hieraus abgeleitet wurde das Stra\u00dfenbo\u00dfeln, welches Ende des 19. bzw. Anfang des 20. Jahrhunderts sich in Deutschland schnell verbreitete. Eine Ursache f\u00fcr die Verbreitung war &hellip; <\/p>\n<p class=\"link-more\"><a href=\"https:\/\/www.kbv-middels.de\/WordPress\/kbv\/bosseln-wat-ist-dat\/\" class=\"more-link\"><span class=\"screen-reader-text\">\u201eBo\u00dfeln &#8211; wat is dat?\u201c <\/span>weiterlesen<\/a><\/p>\n","protected":false},"author":1,"featured_media":0,"parent":153,"menu_order":0,"comment_status":"closed","ping_status":"closed","template":"","meta":{"_themeisle_gutenberg_block_has_review":false,"footnotes":""},"class_list":["post-1881","page","type-page","status-publish","hentry"],"publishpress_future_action":{"enabled":false,"date":"2026-04-24 12:27:07","action":"change-status","newStatus":"draft","terms":[],"taxonomy":"","extraData":[]},"publishpress_future_workflow_manual_trigger":{"enabledWorkflows":[]},"_links":{"self":[{"href":"https:\/\/www.kbv-middels.de\/WordPress\/wp-json\/wp\/v2\/pages\/1881","targetHints":{"allow":["GET"]}}],"collection":[{"href":"https:\/\/www.kbv-middels.de\/WordPress\/wp-json\/wp\/v2\/pages"}],"about":[{"href":"https:\/\/www.kbv-middels.de\/WordPress\/wp-json\/wp\/v2\/types\/page"}],"author":[{"embeddable":true,"href":"https:\/\/www.kbv-middels.de\/WordPress\/wp-json\/wp\/v2\/users\/1"}],"replies":[{"embeddable":true,"href":"https:\/\/www.kbv-middels.de\/WordPress\/wp-json\/wp\/v2\/comments?post=1881"}],"version-history":[{"count":9,"href":"https:\/\/www.kbv-middels.de\/WordPress\/wp-json\/wp\/v2\/pages\/1881\/revisions"}],"predecessor-version":[{"id":1922,"href":"https:\/\/www.kbv-middels.de\/WordPress\/wp-json\/wp\/v2\/pages\/1881\/revisions\/1922"}],"up":[{"embeddable":true,"href":"https:\/\/www.kbv-middels.de\/WordPress\/wp-json\/wp\/v2\/pages\/153"}],"wp:attachment":[{"href":"https:\/\/www.kbv-middels.de\/WordPress\/wp-json\/wp\/v2\/media?parent=1881"}],"curies":[{"name":"wp","href":"https:\/\/api.w.org\/{rel}","templated":true}]}}