{"id":140,"date":"2015-03-07T11:22:31","date_gmt":"2015-03-07T09:22:31","guid":{"rendered":"http:\/\/www.kbv-middels.de\/WordPress\/?page_id=140"},"modified":"2015-03-11T09:46:22","modified_gmt":"2015-03-11T07:46:22","slug":"mitgliedschaft","status":"publish","type":"page","link":"https:\/\/www.kbv-middels.de\/WordPress\/kbv\/mitgliedschaft\/","title":{"rendered":"Mitgliedschaft"},"content":{"rendered":"<p>Hast auch du Lust am Bo\u00dfeln? M\u00f6chtest du auch am Vereinsleben teilnehmen?<br \/>\nDann werde doch Mitglied bei uns. F\u00fclle einfach das Formular aus und sende es uns zu.<br \/>\nAlles weitere erf\u00e4hrst du dann.<\/p>\n<p><a title=\"Aufnahmeantrag KBV\" href=\"https:\/\/www.kbv-middels.de\/WordPress\/wp-content\/uploads\/2015\/03\/Aufnahmeantrag_KBV_Middels.pdf\" rel=\"nofollow\">Aufnahmeantrag_KBV_Middels<\/a><\/p>\n","protected":false},"excerpt":{"rendered":"<p>Hast auch du Lust am Bo\u00dfeln? M\u00f6chtest du auch am Vereinsleben teilnehmen? Dann werde doch Mitglied bei uns. F\u00fclle einfach das Formular aus und sende es uns zu. Alles weitere erf\u00e4hrst du dann. Aufnahmeantrag_KBV_Middels<\/p>\n","protected":false},"author":1,"featured_media":0,"parent":153,"menu_order":0,"comment_status":"closed","ping_status":"open","template":"","meta":{"_themeisle_gutenberg_block_has_review":false,"footnotes":""},"class_list":["post-140","page","type-page","status-publish","hentry"],"publishpress_future_action":{"enabled":false,"date":"2026-04-22 11:39:19","action":"change-status","newStatus":"draft","terms":[],"taxonomy":"","extraData":[]},"publishpress_future_workflow_manual_trigger":{"enabledWorkflows":[]},"_links":{"self":[{"href":"https:\/\/www.kbv-middels.de\/WordPress\/wp-json\/wp\/v2\/pages\/140","targetHints":{"allow":["GET"]}}],"collection":[{"href":"https:\/\/www.kbv-middels.de\/WordPress\/wp-json\/wp\/v2\/pages"}],"about":[{"href":"https:\/\/www.kbv-middels.de\/WordPress\/wp-json\/wp\/v2\/types\/page"}],"author":[{"embeddable":true,"href":"https:\/\/www.kbv-middels.de\/WordPress\/wp-json\/wp\/v2\/users\/1"}],"replies":[{"embeddable":true,"href":"https:\/\/www.kbv-middels.de\/WordPress\/wp-json\/wp\/v2\/comments?post=140"}],"version-history":[{"count":3,"href":"https:\/\/www.kbv-middels.de\/WordPress\/wp-json\/wp\/v2\/pages\/140\/revisions"}],"predecessor-version":[{"id":547,"href":"https:\/\/www.kbv-middels.de\/WordPress\/wp-json\/wp\/v2\/pages\/140\/revisions\/547"}],"up":[{"embeddable":true,"href":"https:\/\/www.kbv-middels.de\/WordPress\/wp-json\/wp\/v2\/pages\/153"}],"wp:attachment":[{"href":"https:\/\/www.kbv-middels.de\/WordPress\/wp-json\/wp\/v2\/media?parent=140"}],"curies":[{"name":"wp","href":"https:\/\/api.w.org\/{rel}","templated":true}]}}