{"id":13809,"date":"2024-09-03T07:53:46","date_gmt":"2024-09-03T05:53:46","guid":{"rendered":"https:\/\/www.kbv-middels.de\/WordPress\/?page_id=13809"},"modified":"2025-01-03T21:57:55","modified_gmt":"2025-01-03T20:57:55","slug":"bosselsaison-20242025","status":"publish","type":"page","link":"https:\/\/www.kbv-middels.de\/WordPress\/bosselsaison\/bosselsaison-20242025\/","title":{"rendered":"Bo\u00dfelsaison 2024\/2025"},"content":{"rendered":"<p>Hier k\u00f6nnt Ihr alle Mannschaften des KBV Middels einsehen, die in der Saison 2024\/2025 gestartet sind.<\/p>\n<ul>\n<li><a href=\"https:\/\/bosselergebnis.info\/2024-2025\/lkv\/liga\/m_i_bezirksklasse\" target=\"_blank\" rel=\"noopener\">Bezirksklasse M\u00e4nner I<\/a><\/li>\n<li><a href=\"https:\/\/bosselergebnis.info\/2024-2025\/aur\/liga\/m_ii_kreisklasse\" target=\"_blank\" rel=\"noopener\">M\u00e4nner II, Kreisklasse<\/a><\/li>\n<li><a href=\"https:\/\/bosselergebnis.info\/2024-2025\/aur\/liga\/m_iii_2kreisklasse\" target=\"_blank\" rel=\"noopener\">M\u00e4nner III, 2.Kreisklasse<\/a><\/li>\n<li><a href=\"https:\/\/bosselergebnis.info\/2024-2025\/aur\/liga\/m_iv_2kreisliga\" target=\"_blank\" rel=\"noopener\">M\u00e4nner IV, 2.Kreisliga<\/a><\/li>\n<li><a href=\"https:\/\/bosselergebnis.info\/2024-2025\/aur\/liga\/m_v_kreisliga\" target=\"_blank\" rel=\"noopener\">M\u00e4nner V, Kreisliga<\/a><\/li>\n<li><a href=\"https:\/\/bosselergebnis.info\/2024-2025\/lkv\/liga\/w_i_bezirksklasse\" target=\"_blank\" rel=\"noopener\">Bezirksklasse F 1<\/a><\/li>\n<li><a href=\"https:\/\/bosselergebnis.info\/2024-2025\/aur\/liga\/w_i_4kreisliga\" target=\"_blank\" rel=\"noopener\">Frauen I, 4.Kreisliga Staffel B<\/a><\/li>\n<li><a href=\"https:\/\/bosselergebnis.info\/2024-2025\/aur\/liga\/m_b_1kreisliga\" target=\"_blank\" rel=\"noopener\">Kreisliga m\u00e4nnl. Jugend B<\/a><\/li>\n<li><a href=\"https:\/\/bosselergebnis.info\/2024-2025\/aur\/liga\/m_c_kreisliga_staffel2\" target=\"_blank\" rel=\"noopener\">Kreisliga m\u00e4nnl. Jugend C Staffel II<\/a><\/li>\n<li><a href=\"https:\/\/bosselergebnis.info\/2024-2025\/aur\/liga\/m_d_1kreisliga\">Kreisliga m\u00e4nnl. Jugend D<\/a><\/li>\n<li><a href=\"https:\/\/bosselergebnis.info\/2024-2025\/aur\/liga\/w_e_kreisliga\" target=\"_blank\" rel=\"noopener\">Kreisliga weibliche Jugend E<\/a><\/li>\n<li><a href=\"https:\/\/bosselergebnis.info\/2024-2025\/aur\/liga\/m_f_kreisliga_staffel2\" target=\"_blank\" rel=\"noopener\">Kreisliga m\u00e4nnl. Jugend F Staffel II<\/a><\/li>\n<\/ul>\n<p>S\u00e4mtliche Spielpl\u00e4ne auf KV Aurich &#8211; Ebene sowie sonstige Infos sind <a href=\"https:\/\/kvaurich.de\/pages\/bosselsaison.php\" target=\"_blank\" rel=\"noopener\">hier<\/a> einsehbar.<\/p>\n<p>Erfahrungsgem\u00e4\u00df \u00e4ndern sich die Spielpl\u00e4ne unmittelbar vor der Saison des \u00d6fteren. Deshalb wird direkt auf die jeweiligen Webseiten verlinkt, die die Spielpl\u00e4ne ver\u00f6ffentlichen. Bitte schaut doch gelegentlich auf die verlinkte Website, um auf den aktuellen Stand zu bleiben.<\/p>\n<p>Verlinkung der <a href=\"https:\/\/bosselergebnis.info\/login\" target=\"_blank\" rel=\"noopener noreferrer\">Ergebniseingabe <\/a>f\u00fcr den KV Aurich \/ LKV Ostfriesland.<\/p>\n","protected":false},"excerpt":{"rendered":"<p>Hier k\u00f6nnt Ihr alle Mannschaften des KBV Middels einsehen, die in der Saison 2024\/2025 gestartet sind. Bezirksklasse M\u00e4nner I M\u00e4nner II, Kreisklasse M\u00e4nner III, 2.Kreisklasse M\u00e4nner IV, 2.Kreisliga M\u00e4nner V, Kreisliga Bezirksklasse F 1 Frauen I, 4.Kreisliga Staffel B Kreisliga m\u00e4nnl. Jugend B Kreisliga m\u00e4nnl. Jugend C Staffel II Kreisliga m\u00e4nnl. Jugend D Kreisliga weibliche &hellip; <\/p>\n<p class=\"link-more\"><a href=\"https:\/\/www.kbv-middels.de\/WordPress\/bosselsaison\/bosselsaison-20242025\/\" class=\"more-link\"><span class=\"screen-reader-text\">\u201eBo\u00dfelsaison 2024\/2025\u201c <\/span>weiterlesen<\/a><\/p>\n","protected":false},"author":1,"featured_media":0,"parent":122,"menu_order":0,"comment_status":"closed","ping_status":"closed","template":"","meta":{"_themeisle_gutenberg_block_has_review":false,"footnotes":""},"class_list":["post-13809","page","type-page","status-publish","hentry"],"publishpress_future_action":{"enabled":false,"date":"2026-04-24 10:20:25","action":"change-status","newStatus":"draft","terms":[],"taxonomy":"","extraData":[]},"publishpress_future_workflow_manual_trigger":{"enabledWorkflows":[]},"_links":{"self":[{"href":"https:\/\/www.kbv-middels.de\/WordPress\/wp-json\/wp\/v2\/pages\/13809","targetHints":{"allow":["GET"]}}],"collection":[{"href":"https:\/\/www.kbv-middels.de\/WordPress\/wp-json\/wp\/v2\/pages"}],"about":[{"href":"https:\/\/www.kbv-middels.de\/WordPress\/wp-json\/wp\/v2\/types\/page"}],"author":[{"embeddable":true,"href":"https:\/\/www.kbv-middels.de\/WordPress\/wp-json\/wp\/v2\/users\/1"}],"replies":[{"embeddable":true,"href":"https:\/\/www.kbv-middels.de\/WordPress\/wp-json\/wp\/v2\/comments?post=13809"}],"version-history":[{"count":8,"href":"https:\/\/www.kbv-middels.de\/WordPress\/wp-json\/wp\/v2\/pages\/13809\/revisions"}],"predecessor-version":[{"id":14766,"href":"https:\/\/www.kbv-middels.de\/WordPress\/wp-json\/wp\/v2\/pages\/13809\/revisions\/14766"}],"up":[{"embeddable":true,"href":"https:\/\/www.kbv-middels.de\/WordPress\/wp-json\/wp\/v2\/pages\/122"}],"wp:attachment":[{"href":"https:\/\/www.kbv-middels.de\/WordPress\/wp-json\/wp\/v2\/media?parent=13809"}],"curies":[{"name":"wp","href":"https:\/\/api.w.org\/{rel}","templated":true}]}}