{"id":11895,"date":"2023-09-17T15:12:23","date_gmt":"2023-09-17T13:12:23","guid":{"rendered":"https:\/\/www.kbv-middels.de\/WordPress\/?page_id=11895"},"modified":"2023-09-17T16:36:32","modified_gmt":"2023-09-17T14:36:32","slug":"bosselsaison-20232024","status":"publish","type":"page","link":"https:\/\/www.kbv-middels.de\/WordPress\/bosselsaison\/bosselsaison-20232024\/","title":{"rendered":"Bo\u00dfelsaison 2023\/2024"},"content":{"rendered":"<p>Hier k\u00f6nnt Ihr alle Mannschaften des KBV Middels einsehen, die in der Saison 2023\/2024 gestartet sind.<\/p>\n<ul>\n<li><a href=\"https:\/\/bosselergebnis.info\/2023-2024\/lkv\/liga\/m_i_1regionalliga\" target=\"_blank\" rel=\"noopener\">Regionalliga I M\u00e4nner I<\/a><\/li>\n<li><a href=\"https:\/\/bosselergebnis.info\/2023-2024\/aur\/liga\/m_ii_1kreisliga\" target=\"_blank\" rel=\"noopener\">2. Kreisliga M\u00e4nner II (AUR\/FRI\/WTM\/LER\/NOR) | SG Middels \/ Spekendorf<\/a><\/li>\n<li><a href=\"https:\/\/bosselergebnis.info\/2023-2024\/ese\/liga\/m_iii_1kreisliga\" target=\"_blank\" rel=\"noopener\">1. Kreisliga M\u00e4nner III (Staffel A , AUR \/ WTM \/ NOR \/ FRI \/ ESE)<\/a><\/li>\n<li><a href=\"https:\/\/bosselergebnis.info\/2023-2024\/aur\/liga\/m_iv_2kreisliga\" target=\"_blank\" rel=\"noopener\">2. Kreisliga M\u00e4nner IV<\/a><\/li>\n<li><a href=\"https:\/\/bosselergebnis.info\/2023-2024\/lkv\/liga\/w_i_bezirksklasse\" target=\"_blank\" rel=\"noopener\">Bezirksklasse F 1<\/a><\/li>\n<li><a href=\"https:\/\/bosselergebnis.info\/2023-2024\/aur\/liga\/w_i_kreisklasse\" target=\"_blank\" rel=\"noopener\">Kreisklasse Frauen I<\/a><\/li>\n<li><a href=\"https:\/\/bosselergebnis.info\/2023-2024\/nor\/liga\/w_ii_1kreisliga\" target=\"_blank\" rel=\"noopener\">1. Kreisliga Frauen II (AUR\/NOR) | SG Middels \/ Spekendorf<\/a><\/li>\n<li><a href=\"https:\/\/bosselergebnis.info\/2023-2024\/aur\/liga\/w_iv_1kreisliga\" target=\"_blank\" rel=\"noopener\">Kreisliga F IV<\/a><\/li>\n<li><a href=\"https:\/\/bosselergebnis.info\/2023-2024\/aur\/liga\/m_c_kreisklasse_staffel1\" target=\"_blank\" rel=\"noopener\">Kreisliga m\u00e4nnl. Jugend C Staffel1<\/a><\/li>\n<li><a href=\"https:\/\/bosselergebnis.info\/2023-2024\/aur\/liga\/m_c_kreisklasse_staffel2\" target=\"_blank\" rel=\"noopener\">Kreisliga m\u00e4nnl. Jugend C Staffel2<\/a><\/li>\n<li><a href=\"https:\/\/bosselergebnis.info\/2023-2024\/aur\/liga\/m_d_kreisliga\" target=\"_blank\" rel=\"noopener\">Kreisliga m\u00e4nnl. Jugend D<\/a><\/li>\n<li><a href=\"https:\/\/bosselergebnis.info\/2023-2024\/aur\/liga\/w_e_kreisliga\" target=\"_blank\" rel=\"noopener\">Kreisliga weibliche Jugend E<\/a><\/li>\n<\/ul>\n<p>S\u00e4mtliche Spielpl\u00e4ne auf KV Aurich &#8211; Ebene sowie sonstige Infos sind <a href=\"https:\/\/kvaurich.de\/pages\/bosselsaison.php\" target=\"_blank\" rel=\"noopener\">hier<\/a> einsehbar.<\/p>\n<p>Erfahrungsgem\u00e4\u00df \u00e4ndern sich die Spielpl\u00e4ne unmittelbar vor der Saison des \u00d6fteren. Deshalb wird direkt auf die jeweiligen Webseiten verlinkt, die die Spielpl\u00e4ne ver\u00f6ffentlichen. Bitte schaut doch gelegentlich auf die verlinkte Website, um auf den aktuellen Stand zu bleiben.<\/p>\n<p>Verlinkung der <a href=\"https:\/\/bosselergebnis.info\/login\" target=\"_blank\" rel=\"noopener noreferrer\">Ergebniseingabe <\/a>f\u00fcr den KV Aurich \/ LKV Ostfriesland.<\/p>\n","protected":false},"excerpt":{"rendered":"<p>Hier k\u00f6nnt Ihr alle Mannschaften des KBV Middels einsehen, die in der Saison 2023\/2024 gestartet sind. Regionalliga I M\u00e4nner I 2. Kreisliga M\u00e4nner II (AUR\/FRI\/WTM\/LER\/NOR) | SG Middels \/ Spekendorf 1. Kreisliga M\u00e4nner III (Staffel A , AUR \/ WTM \/ NOR \/ FRI \/ ESE) 2. Kreisliga M\u00e4nner IV Bezirksklasse F 1 Kreisklasse Frauen &hellip; <\/p>\n<p class=\"link-more\"><a href=\"https:\/\/www.kbv-middels.de\/WordPress\/bosselsaison\/bosselsaison-20232024\/\" class=\"more-link\"><span class=\"screen-reader-text\">\u201eBo\u00dfelsaison 2023\/2024\u201c <\/span>weiterlesen<\/a><\/p>\n","protected":false},"author":1,"featured_media":0,"parent":122,"menu_order":0,"comment_status":"closed","ping_status":"closed","template":"","meta":{"_themeisle_gutenberg_block_has_review":false,"footnotes":""},"class_list":["post-11895","page","type-page","status-publish","hentry"],"publishpress_future_action":{"enabled":false,"date":"2026-04-23 13:46:34","action":"change-status","newStatus":"draft","terms":[],"taxonomy":"","extraData":[]},"publishpress_future_workflow_manual_trigger":{"enabledWorkflows":[]},"_links":{"self":[{"href":"https:\/\/www.kbv-middels.de\/WordPress\/wp-json\/wp\/v2\/pages\/11895","targetHints":{"allow":["GET"]}}],"collection":[{"href":"https:\/\/www.kbv-middels.de\/WordPress\/wp-json\/wp\/v2\/pages"}],"about":[{"href":"https:\/\/www.kbv-middels.de\/WordPress\/wp-json\/wp\/v2\/types\/page"}],"author":[{"embeddable":true,"href":"https:\/\/www.kbv-middels.de\/WordPress\/wp-json\/wp\/v2\/users\/1"}],"replies":[{"embeddable":true,"href":"https:\/\/www.kbv-middels.de\/WordPress\/wp-json\/wp\/v2\/comments?post=11895"}],"version-history":[{"count":8,"href":"https:\/\/www.kbv-middels.de\/WordPress\/wp-json\/wp\/v2\/pages\/11895\/revisions"}],"predecessor-version":[{"id":11931,"href":"https:\/\/www.kbv-middels.de\/WordPress\/wp-json\/wp\/v2\/pages\/11895\/revisions\/11931"}],"up":[{"embeddable":true,"href":"https:\/\/www.kbv-middels.de\/WordPress\/wp-json\/wp\/v2\/pages\/122"}],"wp:attachment":[{"href":"https:\/\/www.kbv-middels.de\/WordPress\/wp-json\/wp\/v2\/media?parent=11895"}],"curies":[{"name":"wp","href":"https:\/\/api.w.org\/{rel}","templated":true}]}}